{"id":3922,"date":"2025-12-23T11:46:39","date_gmt":"2025-12-23T10:46:39","guid":{"rendered":"https:\/\/campingledaguet.com\/tourisme-perigord-noir\/"},"modified":"2026-02-17T12:19:15","modified_gmt":"2026-02-17T11:19:15","slug":"toerisme-perigord-noir","status":"publish","type":"page","link":"https:\/\/campingledaguet.com\/nl\/toerisme-perigord-noir\/","title":{"rendered":"Zwarte P\u00e9rigord"},"content":{"rendered":"\n<section class=\"wp-block-group home-seventh-bis is-layout-flow wp-block-group-is-layout-flow\" style=\"padding-right:var(--wp--preset--spacing--50);padding-left:var(--wp--preset--spacing--50)\">\n<div class=\"wp-block-columns is-layout-flex wp-container-core-columns-is-layout-649c0f26 wp-block-columns-is-layout-flex\" style=\"padding-top:var(--wp--preset--spacing--40);padding-bottom:var(--wp--preset--spacing--40)\">\n<div class=\"wp-block-column is-vertically-aligned-center is-layout-flow wp-block-column-is-layout-flow\">\n<div class=\"wp-block-group titre-decoratif has-custom-orange-color has-text-color has-link-color wp-elements-d9f85c3872d009691285401deb4b456b is-vertical is-content-justification-left is-nowrap is-layout-flex wp-container-core-group-is-layout-332c27bf wp-block-group-is-layout-flex\" style=\"border-left-color:var(--wp--preset--color--custom-vert-clair);border-left-width:1px;padding-right:0;padding-left:var(--wp--preset--spacing--10);font-size:clamp(1.701rem, 1.701rem + ((1vw - 0.2rem) * 2.015), 2.91rem);line-height:1\">\n<h1 class=\"wp-block-heading has-text-align-left has-custom-three-color has-text-color has-link-color wp-elements-49c0b712f2c2bb9f26f809dd00ad9286\">Ontdek de wonderen van de P\u00e9rigord Noir<\/h1>\n<\/div>\n\n\n\n<div class=\"wp-block-group texte is-layout-flow wp-block-group-is-layout-flow\" style=\"padding-left:var(--wp--preset--spacing--20)\">\n<p>Welkom in onze groene oase, een <a href=\"https:\/\/campingledaguet.com\/nl\/\" data-type=\"page\" data-id=\"33\">camping in de buurt van La Roque-Gageac<\/a>, in het hart van de P\u00e9rigord, een streek rijk aan<strong>geschiedenis<\/strong> en <strong>natuur<\/strong>. Hier wordt elke wandeling een uitnodiging om het <strong>unieke erfgoed van de P\u00e9rigord Noir<\/strong>te ontdekken: valleien gebeeldhouwd door de tijd en rivieren, authentieke dorpjes op heuveltoppen en duizend jaar oude grotten. Of je nu een liefhebber bent van natuur, erfgoed of ontspanning, je bent hier aan het juiste adres om de P\u00e9rigord Noir in al zijn pracht te bezoeken.  <\/p>\n<\/div>\n<\/div>\n\n\n\n<div class=\"wp-block-column is-vertically-aligned-center is-layout-flow wp-block-column-is-layout-flow\">\n<figure class=\"wp-block-image size-large rotate-l\"><img decoding=\"async\" width=\"1024\" height=\"575\" src=\"https:\/\/campingledaguet.com\/wp-content\/uploads\/2026\/01\/Roque-Gageac-Perigord-Noir-1024x575.jpeg\" alt=\"Roque Gageac P&#xE9;rigord zwart\" class=\"wp-image-3152\" style=\"box-shadow:var(--wp--preset--shadow--natural)\" srcset=\"https:\/\/campingledaguet.com\/wp-content\/uploads\/2026\/01\/Roque-Gageac-Perigord-Noir-1024x575.jpeg 1024w, https:\/\/campingledaguet.com\/wp-content\/uploads\/2026\/01\/Roque-Gageac-Perigord-Noir-300x168.jpeg 300w, https:\/\/campingledaguet.com\/wp-content\/uploads\/2026\/01\/Roque-Gageac-Perigord-Noir-768x431.jpeg 768w, https:\/\/campingledaguet.com\/wp-content\/uploads\/2026\/01\/Roque-Gageac-Perigord-Noir-1536x862.jpeg 1536w, https:\/\/campingledaguet.com\/wp-content\/uploads\/2026\/01\/Roque-Gageac-Perigord-Noir.jpeg 2000w\" sizes=\"(max-width: 1024px) 100vw, 1024px\" \/><\/figure>\n<\/div>\n<\/div>\n<\/section>\n\n<section class=\"wp-block-group alignfull home-third page-two is-layout-flow wp-block-group-is-layout-flow\" style=\"padding-bottom:0rem\">\n<div class=\"wp-block-group is-layout-flow wp-block-group-is-layout-flow\">\n<div class=\"wp-block-cover has-parallax has-custom-content-position is-position-bottom-left\" style=\"min-height:90vh;aspect-ratio:unset;\"><div role=\"img\" aria-label=\"camping-le-daguet-les-visites\" class=\"wp-block-cover__image-background wp-image-2442 size-full has-parallax\" style=\"background-position:50% 50%;background-image:url(https:\/\/campingledaguet.com\/wp-content\/uploads\/2025\/12\/camping-le-daguet-les-visites.jpg)\"><\/div><span aria-hidden=\"true\" class=\"wp-block-cover__background has-contrast-background-color has-background-dim-20 has-background-dim\"><\/span><div class=\"wp-block-cover__inner-container is-layout-flow wp-block-cover-is-layout-flow\">\n<p class=\"has-text-align-center has-large-font-size\"><\/p>\n<\/div><\/div>\n<\/div>\n\n\n\n<div class=\"wp-block-group is-layout-flow wp-block-group-is-layout-flow\" style=\"padding-top:3rem\">\n<h2 class=\"wp-block-heading has-text-align-center\">V\u00e9z\u00e8re-vallei: grotten, afgronden en een uitzonderlijk prehistorisch erfgoed<\/h2>\n\n\n\n<div class=\"wp-block-columns are-vertically-aligned-top content is-layout-flex wp-container-core-columns-is-layout-6a5a5078 wp-block-columns-is-layout-flex\" style=\"padding-right:15rem;padding-left:15rem\">\n<div class=\"wp-block-column is-vertically-aligned-top first is-layout-flow wp-block-column-is-layout-flow\">\n<p class=\"has-text-align-center\">In de beroemde <strong>vallei van de V\u00e9z\u00e8re<\/strong>, bijgenaamd &#8220;de vallei van de mens&#8221;, kun je sites verkennen die de dageraad van de mensheid traceren. Deze vallei, die is uitgeroepen tot &#8220;Grand Site de France&#8221;, herbergt al duizenden jaren versierde <strong>grotten<\/strong> en gigantische <strong>schuilplaatsen van troglodieten<\/strong>. De <a href=\"https:\/\/lascaux.fr\/\" data-type=\"link\" data-id=\"https:\/\/lascaux.fr\/\" target=\"_blank\" rel=\"noreferrer noopener nofollow\">grotten van Lascaux<\/a> en de schuilplaatsen van La Madeleine zijn slechts enkele van deze majestueuze sites.<a href=\"https:\/\/fr.wikipedia.org\/wiki\/Vall%C3%A9e_de_la_V%C3%A9z%C3%A8re?utm_source=chatgpt.com\"><\/a>In Les Eyzies onthullen musea en grotschuilplaatsen duizenden jaren menselijke bewoning.    <\/p>\n\n\n\n<p class=\"has-text-align-center\">Wandelend langs de paden langs de rivier of aan de voet van de kliffen geniet je van een heerlijk uitje in perfecte harmonie met de natuur.<\/p>\n<\/div>\n<\/div>\n<\/div>\n<\/section>\n\n<section class=\"wp-block-group home-seventh is-layout-flow wp-block-group-is-layout-flow\" style=\"padding-right:var(--wp--preset--spacing--50);padding-left:var(--wp--preset--spacing--50)\">\n<div class=\"wp-block-columns is-layout-flex wp-container-core-columns-is-layout-8cbeb9c6 wp-block-columns-is-layout-flex\" style=\"margin-top:0;margin-bottom:0;padding-top:var(--wp--preset--spacing--50);padding-bottom:var(--wp--preset--spacing--50)\">\n<div class=\"wp-block-column is-layout-flow wp-block-column-is-layout-flow\">\n<figure class=\"wp-block-image size-full rotate-r\"><img decoding=\"async\" width=\"2000\" height=\"1125\" src=\"https:\/\/campingledaguet.com\/wp-content\/uploads\/2026\/02\/camping-le-daguet-beynac-et-cazenac.jpg\" alt=\"camping-le-daguet-beynac-et-cazenac\" class=\"wp-image-3534\" style=\"box-shadow:var(--wp--preset--shadow--natural)\" srcset=\"https:\/\/campingledaguet.com\/wp-content\/uploads\/2026\/02\/camping-le-daguet-beynac-et-cazenac.jpg 2000w, https:\/\/campingledaguet.com\/wp-content\/uploads\/2026\/02\/camping-le-daguet-beynac-et-cazenac-300x169.jpg 300w, https:\/\/campingledaguet.com\/wp-content\/uploads\/2026\/02\/camping-le-daguet-beynac-et-cazenac-1024x576.jpg 1024w, https:\/\/campingledaguet.com\/wp-content\/uploads\/2026\/02\/camping-le-daguet-beynac-et-cazenac-768x432.jpg 768w, https:\/\/campingledaguet.com\/wp-content\/uploads\/2026\/02\/camping-le-daguet-beynac-et-cazenac-1536x864.jpg 1536w\" sizes=\"(max-width: 2000px) 100vw, 2000px\" \/><\/figure>\n<\/div>\n\n\n\n<div class=\"wp-block-column is-layout-flow wp-block-column-is-layout-flow\">\n<div class=\"wp-block-group titre-decoratif has-custom-orange-color has-text-color has-link-color wp-elements-71a524ee72a49c4a22a85fda39a22c86 is-vertical is-content-justification-left is-nowrap is-layout-flex wp-container-core-group-is-layout-332c27bf wp-block-group-is-layout-flex\" style=\"border-left-color:var(--wp--preset--color--custom-vert-clair);border-left-width:1px;padding-right:0;padding-left:var(--wp--preset--spacing--10);font-size:clamp(1.701rem, 1.701rem + ((1vw - 0.2rem) * 2.015), 2.91rem);line-height:1\">\n<h2 class=\"wp-block-heading has-text-align-left\">Dordogne-vallei: kastelen en de mooiste dorpen van Frankrijk om te verkennen<\/h2>\n<\/div>\n\n\n\n<div class=\"wp-block-group texte is-layout-flow wp-block-group-is-layout-flow\" style=\"padding-bottom:0;padding-left:var(--wp--preset--spacing--20)\">\n<p>Voor liefhebbers van<strong>geschiedenis<\/strong> en<strong>architectuur<\/strong> is de Dordogne-vallei een buitengewone speeltuin. Langs de Dordogne domineren versterkte silhouetten de meanderende rivier: <strong>kastelen, bastides en panoramische uitzichten<\/strong> vormen een imposante achtergrond. <\/p>\n\n\n\n<p>Je kunt middeleeuwse stadjes bezoeken zoals <strong>La Roque-Gageac<\/strong>, <a href=\"https:\/\/campingledaguet.com\/nl\/toerisme-beynac-en-cazenac\/\" data-type=\"page\" data-id=\"2553\">Beynac-et-Cazenac<\/a>, <strong>Domme<\/strong> of <strong>Castelnaud-la-Chapelle<\/strong>, het kasteel van Beynac en de <a href=\"https:\/\/www.marqueyssac.com\/\" target=\"_blank\" rel=\"noreferrer noopener nofollow\">hangende tuinen van Marqueyssac<\/a>, allemaal geklasseerd als schatten van de P\u00e9rigord Noir. De steile kliffen, leistenen daken en traditionele huizen maken elke omweg tot een betovering. <\/p>\n\n\n\n<p>Dit landschap verkennen betekent ook de tijd nemen om te genieten van de zachte manier van leven in de P\u00e9rigord, tussen rivier, bos en erfgoed. Je komt langs uitkijkpunten en middeleeuwse straatjes, tussen gastronomische haltes en boerenmarkten. Een onvergetelijke dag, waarvan je nog meer zult genieten als je op een camping in de buurt van La Roque-Gageac verblijft.  <\/p>\n<\/div>\n<\/div>\n<\/div>\n<\/section>\n\n<section class=\"wp-block-group home-sixth page-five has-custom-one-background-color has-background is-layout-flow wp-block-group-is-layout-flow\" style=\"margin-top:0px;padding-top:4rem;padding-right:8rem;padding-left:8rem\">\n<div class=\"wp-block-group slider__content animated fadeInUp delay-100ms slow is-content-justification-center is-nowrap is-layout-flex wp-container-core-group-is-layout-23441af8 wp-block-group-is-layout-flex\">\n<figure class=\"wp-block-image size-full\"><img decoding=\"async\" width=\"2000\" height=\"1277\" src=\"https:\/\/campingledaguet.com\/wp-content\/uploads\/2026\/02\/camping-le-daguet-le-perigord-sarlat-1.jpg\" alt=\"camping-le-daguet-le-perigord-sarlat\" class=\"wp-image-3530\" style=\"aspect-ratio:16\/9;object-fit:cover\" srcset=\"https:\/\/campingledaguet.com\/wp-content\/uploads\/2026\/02\/camping-le-daguet-le-perigord-sarlat-1.jpg 2000w, https:\/\/campingledaguet.com\/wp-content\/uploads\/2026\/02\/camping-le-daguet-le-perigord-sarlat-1-300x192.jpg 300w, https:\/\/campingledaguet.com\/wp-content\/uploads\/2026\/02\/camping-le-daguet-le-perigord-sarlat-1-1024x654.jpg 1024w, https:\/\/campingledaguet.com\/wp-content\/uploads\/2026\/02\/camping-le-daguet-le-perigord-sarlat-1-768x490.jpg 768w, https:\/\/campingledaguet.com\/wp-content\/uploads\/2026\/02\/camping-le-daguet-le-perigord-sarlat-1-1536x981.jpg 1536w\" sizes=\"(max-width: 2000px) 100vw, 2000px\" \/><\/figure>\n<\/div>\n\n\n\n<div class=\"wp-block-group alignfull groupe__second has-custom-vert-background-color has-background is-layout-flow wp-block-group-is-layout-flow\" style=\"border-radius:15px;margin-top:-17rem;padding-top:20rem;padding-right:7rem;padding-bottom:8rem;padding-left:7rem\">\n<h2 class=\"wp-block-heading has-text-align-center has-base-2-color has-text-color has-link-color wp-elements-4fd6be7ff2c979706a6a7ac89653cf72\">Bezoek Sarlat-la-Can\u00e9da, de parel van de P\u00e9rigord Noir<\/h2>\n\n\n\n<p class=\"has-text-align-center has-base-2-color has-text-color has-link-color wp-elements-6a9dba39e2f0b3bbbf4dc73f567259ab\">Het is onmogelijk om over <a href=\"https:\/\/campingledaguet.com\/nl\/toerisme-dordogne-perigord\/\" data-type=\"page\" data-id=\"2531\">toerisme in de Dordogne-P\u00e9rigord<\/a> te praten zonder <a href=\"https:\/\/campingledaguet.com\/nl\/toerisme-belves-sarlat\/\" data-type=\"page\" data-id=\"2537\">Sarlat-la-Can\u00e9da<\/a> te noemen, een echt middeleeuws meesterwerk en een sublieme stad van kunst en geschiedenis. Slenteren door de <strong>smalle geplaveide straatjes<\/strong>, de <strong>vakwerkhuizen<\/strong> bewonderen, deelnemen aan de <strong>typische markten<\/strong>, slenteren over de Place de la Libert\u00e9 en de<a href=\"https:\/\/www.sarlat-tourisme.com\/je-decouvre-sarlat-et-le-perigord\/visites-guidees-et-services-de-guidage\/nos-visites-insolites\/prenez-de-la-hauteur-avec-lascenseur-panoramique-de-sarlat\/\" target=\"_blank\" rel=\"noreferrer noopener nofollow\">panoramische lift nemen naar de oude kerk Sainte-Marie<\/a>&#8230; het is een totale onderdompeling in <strong>het hart van het verleden<\/strong>. Elke straathoek vertelt een verhaal, elk plein een levendig terras. Plan, afhankelijk van het seizoen, een bezoek vroeg in de ochtend om te profiteren van het zachte licht en de nog rustige straten. Ga na je ontdekkingstocht terug naar de camping om te ontspannen: de groene omgeving en het uitzicht over de vallei verlengen de magie van een dagje ontdekken van de P\u00e9rigord Noir.    <br \/><\/p>\n<\/div>\n<\/section>\n\n<section class=\"wp-block-group page-seven is-layout-flow wp-block-group-is-layout-flow\" style=\"padding-top:4rem;padding-bottom:10rem\">\n<div class=\"wp-block-columns are-vertically-aligned-center is-layout-flex wp-container-core-columns-is-layout-28f84493 wp-block-columns-is-layout-flex\">\n<div class=\"wp-block-column is-vertically-aligned-center is-layout-flow wp-block-column-is-layout-flow\" style=\"flex-basis:40%\"><\/div>\n\n\n\n<div class=\"wp-block-column is-vertically-aligned-center is-layout-flow wp-block-column-is-layout-flow\" style=\"flex-basis:60%\">\n<div class=\"wp-block-group titre-decoratif has-custom-orange-color has-text-color has-link-color wp-elements-e16c019d4d770fc50d51271ab8ad5d04 is-vertical is-content-justification-left is-nowrap is-layout-flex wp-container-core-group-is-layout-332c27bf wp-block-group-is-layout-flex\" style=\"border-left-color:var(--wp--preset--color--custom-vert-clair);border-left-width:1px;padding-right:0;padding-left:var(--wp--preset--spacing--10);font-size:clamp(2.16rem, 2.16rem + ((1vw - 0.2rem) * 2.917), 3.91rem);line-height:1\">\n<div class=\"wp-block-group is-layout-flow wp-block-group-is-layout-flow\" style=\"border-left-color:var(--wp--preset--color--custom-two);border-left-width:1px;padding-top:2rem;padding-left:var(--wp--preset--spacing--10)\">\n<p class=\"has-text-align-left has-custom-three-color has-text-color has-link-color has-alkia-font-family wp-elements-888ecddd994d955d9aabadd645ab7d4d\" style=\"text-transform:uppercase\">Ontdek<br \/><em>meer<\/em><\/p>\n<\/div>\n<\/div>\n<\/div>\n<\/div>\n\n\n\n<div data-wp-context=\"{}\" data-wp-interactive=\"core\/query\" data-wp-key=\"0\" data-wp-router-region=\"query-0\" class=\"wp-block-query alignwide gt-fse-maillage-query has-global-padding is-layout-constrained wp-container-core-query-is-layout-1e86373d wp-block-query-is-layout-constrained\"><ul class=\"columns-3 wp-block-post-template is-layout-grid wp-container-core-post-template-is-layout-6d3fbd8f wp-block-post-template-is-layout-grid\"><li data-wp-key=\"post-template-item-3915\" class=\"wp-block-post post-3915 page type-page status-publish has-post-thumbnail hentry\">\n\n<figure class=\"wp-block-image size-full\"><img decoding=\"async\" src=\"https:\/\/campingledaguet.com\/wp-content\/uploads\/2026\/01\/paysage-Dordogne-perigord-1.jpeg\" alt=\"landschap Dordogne p\u00e9rigord\" class=\"wp-image-1030\" style=\"box-shadow:var(--wp--preset--shadow--natural);aspect-ratio:1;object-fit:cover\" \/><\/figure>\n\n\n\n<div class=\"wp-block-group maillage__title has-base-2-color has-text-color has-link-color has-montserrat-font-family wp-elements-74f77f72b5fd301c59e005b83f0238f2 is-content-justification-space-between is-nowrap is-layout-flex wp-container-core-group-is-layout-c52eadd5 wp-block-group-is-layout-flex\" style=\"margin-top:-8rem;padding-right:2rem;padding-bottom:2rem;padding-left:2rem;font-size:clamp(0.912rem, 0.912rem + ((1vw - 0.2rem) * 0.763), 1.37rem);font-style:normal;font-weight:700;line-height:1;text-transform:uppercase\">\n<p>Wat er te zien is<\/p>\n<\/div>\n\n\n<a style=\"border-radius:10px;\" class=\"is-style-lien-cover wp-block-read-more\" href=\"https:\/\/campingledaguet.com\/nl\/toerisme-dordogne-perigord\/\" target=\"_self\">Lees verder<span class=\"screen-reader-text\">: Wat er te zien is<\/span><\/a>\n<\/li><li data-wp-key=\"post-template-item-4044\" class=\"wp-block-post post-4044 page type-page status-publish has-post-thumbnail hentry\">\n\n<figure class=\"wp-block-image size-full\"><img decoding=\"async\" src=\"https:\/\/campingledaguet.com\/wp-content\/uploads\/2026\/02\/accueil-reception-le-daguet.jpg\" alt=\"receptie daguet\" class=\"wp-image-1030\" style=\"box-shadow:var(--wp--preset--shadow--natural);aspect-ratio:1;object-fit:cover\" \/><\/figure>\n\n\n\n<div class=\"wp-block-group maillage__title has-base-2-color has-text-color has-link-color has-montserrat-font-family wp-elements-74f77f72b5fd301c59e005b83f0238f2 is-content-justification-space-between is-nowrap is-layout-flex wp-container-core-group-is-layout-c52eadd5 wp-block-group-is-layout-flex\" style=\"margin-top:-8rem;padding-right:2rem;padding-bottom:2rem;padding-left:2rem;font-size:clamp(0.912rem, 0.912rem + ((1vw - 0.2rem) * 0.763), 1.37rem);font-style:normal;font-weight:700;line-height:1;text-transform:uppercase\">\n<p>Diensten<\/p>\n<\/div>\n\n\n<a style=\"border-radius:10px;\" class=\"is-style-lien-cover wp-block-read-more\" href=\"https:\/\/campingledaguet.com\/nl\/familie-camping-saint-laurent-la-vallee\/\" target=\"_self\">Lees verder<span class=\"screen-reader-text\">: Diensten<\/span><\/a>\n<\/li><li data-wp-key=\"post-template-item-3941\" class=\"wp-block-post post-3941 page type-page status-publish has-post-thumbnail hentry\">\n\n<figure class=\"wp-block-image size-full\"><img decoding=\"async\" src=\"https:\/\/campingledaguet.com\/wp-content\/uploads\/2026\/01\/kayaking-dordogne-activites-e1769778528784.jpeg\" alt=\"kajakken dordogne activiteiten\" class=\"wp-image-1030\" style=\"box-shadow:var(--wp--preset--shadow--natural);aspect-ratio:1;object-fit:cover\" \/><\/figure>\n\n\n\n<div class=\"wp-block-group maillage__title has-base-2-color has-text-color has-link-color has-montserrat-font-family wp-elements-74f77f72b5fd301c59e005b83f0238f2 is-content-justification-space-between is-nowrap is-layout-flex wp-container-core-group-is-layout-c52eadd5 wp-block-group-is-layout-flex\" style=\"margin-top:-8rem;padding-right:2rem;padding-bottom:2rem;padding-left:2rem;font-size:clamp(0.912rem, 0.912rem + ((1vw - 0.2rem) * 0.763), 1.37rem);font-style:normal;font-weight:700;line-height:1;text-transform:uppercase\">\n<p>Om te doen<\/p>\n<\/div>\n\n\n<a style=\"border-radius:10px;\" class=\"is-style-lien-cover wp-block-read-more\" href=\"https:\/\/campingledaguet.com\/nl\/dingen-om-te-doe-in-dordogne-perigord\/\" target=\"_self\">Lees verder<span class=\"screen-reader-text\">: Om te doen<\/span><\/a>\n<\/li><\/ul><\/div>\n<\/section>\n","protected":false},"excerpt":{"rendered":"<p>Ontdek de wonderen van de P\u00e9rigord Noir Welkom in onze groene oase, een camping in de buurt van La Roque-Gageac, in het hart van de P\u00e9rigord, een streek rijk aangeschiedenis en natuur. Hier wordt elke wandeling een uitnodiging om het unieke erfgoed van de P\u00e9rigord Noirte ontdekken: valleien gebeeldhouwd door de tijd en rivieren, authentieke [&hellip;]<\/p>\n","protected":false},"author":1,"featured_media":3923,"parent":0,"menu_order":0,"comment_status":"closed","ping_status":"closed","template":"","meta":{"_seopress_robots_primary_cat":"","_seopress_titles_title":"Toerisme Zwarte P\u00e9rigord: V\u00e9z\u00e8re-vallei, Dordogne-vallei, Sarlat","_seopress_titles_desc":"Ontdek de P\u00e9rigord Noir bij La Roque-Gageac, tussen valleien, kastelen en prehistorische grotten. Verblijf in een unieke groene omgeving. ","_seopress_robots_index":"","_gt_ctv_global_id":"","_gt_ctv_id_group":false,"inline_featured_image":false,"gt_fse_maillage_image":"https:\/\/campingledaguet.com\/wp-content\/uploads\/2026\/01\/La-roque-gageac-perigord-noir-dordogne.jpeg","gt_fse_maillage_titre":"Zwarte P\u00e9rigord","gt_fse_maillage_alt":"P\u00e9rigord noir vallei van de dordogne","gt_fse_maillage_resume":"","footnotes":""},"categories":[],"tags":[],"class_list":["post-3922","page","type-page","status-publish","has-post-thumbnail","hentry"],"_links":{"self":[{"href":"https:\/\/campingledaguet.com\/nl\/wp-json\/wp\/v2\/pages\/3922","targetHints":{"allow":["GET"]}}],"collection":[{"href":"https:\/\/campingledaguet.com\/nl\/wp-json\/wp\/v2\/pages"}],"about":[{"href":"https:\/\/campingledaguet.com\/nl\/wp-json\/wp\/v2\/types\/page"}],"author":[{"embeddable":true,"href":"https:\/\/campingledaguet.com\/nl\/wp-json\/wp\/v2\/users\/1"}],"replies":[{"embeddable":true,"href":"https:\/\/campingledaguet.com\/nl\/wp-json\/wp\/v2\/comments?post=3922"}],"version-history":[{"count":8,"href":"https:\/\/campingledaguet.com\/nl\/wp-json\/wp\/v2\/pages\/3922\/revisions"}],"predecessor-version":[{"id":4402,"href":"https:\/\/campingledaguet.com\/nl\/wp-json\/wp\/v2\/pages\/3922\/revisions\/4402"}],"wp:featuredmedia":[{"embeddable":true,"href":"https:\/\/campingledaguet.com\/nl\/wp-json\/wp\/v2\/media\/3923"}],"wp:attachment":[{"href":"https:\/\/campingledaguet.com\/nl\/wp-json\/wp\/v2\/media?parent=3922"}],"wp:term":[{"taxonomy":"category","embeddable":true,"href":"https:\/\/campingledaguet.com\/nl\/wp-json\/wp\/v2\/categories?post=3922"},{"taxonomy":"post_tag","embeddable":true,"href":"https:\/\/campingledaguet.com\/nl\/wp-json\/wp\/v2\/tags?post=3922"}],"curies":[{"name":"wp","href":"https:\/\/api.w.org\/{rel}","templated":true}]}}