{"id":3863,"date":"2025-12-23T11:50:18","date_gmt":"2025-12-23T10:50:18","guid":{"rendered":"https:\/\/campingledaguet.com\/tourisme-belves-sarlat\/"},"modified":"2026-02-17T12:19:16","modified_gmt":"2026-02-17T11:19:16","slug":"toerisme-belves-sarlat","status":"publish","type":"page","link":"https:\/\/campingledaguet.com\/nl\/toerisme-belves-sarlat\/","title":{"rendered":"Belv\u00e8s &amp; Sarlat"},"content":{"rendered":"\n<section class=\"wp-block-group home-seventh-bis is-layout-flow wp-block-group-is-layout-flow\" style=\"padding-right:var(--wp--preset--spacing--50);padding-left:var(--wp--preset--spacing--50)\">\n<div class=\"wp-block-columns are-vertically-aligned-center is-layout-flex wp-container-core-columns-is-layout-649c0f26 wp-block-columns-is-layout-flex\" style=\"padding-top:var(--wp--preset--spacing--40);padding-bottom:var(--wp--preset--spacing--40)\">\n<div class=\"wp-block-column is-vertically-aligned-center is-layout-flow wp-block-column-is-layout-flow\">\n<div class=\"wp-block-group titre-decoratif has-custom-orange-color has-text-color has-link-color wp-elements-51ad443ca59454aa005da47d78446cb0 is-vertical is-content-justification-left is-nowrap is-layout-flex wp-container-core-group-is-layout-332c27bf wp-block-group-is-layout-flex\" style=\"border-left-color:var(--wp--preset--color--custom-vert-clair);border-left-width:1px;padding-right:0;padding-left:var(--wp--preset--spacing--10);font-size:clamp(1.701rem, 1.701rem + ((1vw - 0.2rem) * 2.015), 2.91rem);line-height:1\">\n<h1 class=\"wp-block-heading has-text-align-left has-custom-three-color has-text-color has-link-color wp-elements-f41131155044c34d9bb7f46797e523c0\">Belv\u00e8s en Sarlat: twee must-sees in de P\u00e9rigord Noir<\/h1>\n<\/div>\n\n\n\n<div class=\"wp-block-group texte is-layout-flow wp-block-group-is-layout-flow\" style=\"padding-left:var(--wp--preset--spacing--20)\">\n<p>Als je op onze <a href=\"https:\/\/campingledaguet.com\/nl\/\" data-type=\"page\" data-id=\"33\">camping in de buurt van La Roque-Gageac<\/a> verblijft, bevindt je je op een <strong>ideale locatie voor een bezoek aan Belv\u00e8s en Sarlat-la-Can\u00e9da<\/strong>, twee juweeltjes van de P\u00e9rigord Noir, waar je je helemaal kunt onderdompelen in de geschiedenis, de natuur en de gastronomie van de P\u00e9rigord.<br \/><\/p>\n<\/div>\n<\/div>\n\n\n\n<div class=\"wp-block-column is-vertically-aligned-center is-layout-flow wp-block-column-is-layout-flow\">\n<figure class=\"wp-block-image size-large rotate-l\"><img decoding=\"async\" width=\"1024\" height=\"684\" src=\"https:\/\/campingledaguet.com\/wp-content\/uploads\/2026\/01\/sarlat-belves-perigord-dordogne-1024x684.jpeg\" alt=\"sarlat belves perigord dordogne\" class=\"wp-image-3182\" style=\"box-shadow:var(--wp--preset--shadow--natural)\" srcset=\"https:\/\/campingledaguet.com\/wp-content\/uploads\/2026\/01\/sarlat-belves-perigord-dordogne-1024x684.jpeg 1024w, https:\/\/campingledaguet.com\/wp-content\/uploads\/2026\/01\/sarlat-belves-perigord-dordogne-300x200.jpeg 300w, https:\/\/campingledaguet.com\/wp-content\/uploads\/2026\/01\/sarlat-belves-perigord-dordogne-768x513.jpeg 768w, https:\/\/campingledaguet.com\/wp-content\/uploads\/2026\/01\/sarlat-belves-perigord-dordogne-1536x1025.jpeg 1536w, https:\/\/campingledaguet.com\/wp-content\/uploads\/2026\/01\/sarlat-belves-perigord-dordogne.jpeg 2000w\" sizes=\"(max-width: 1024px) 100vw, 1024px\" \/><\/figure>\n<\/div>\n<\/div>\n<\/section>\n\n<section class=\"wp-block-group alignfull home-third page-two is-layout-flow wp-block-group-is-layout-flow\" style=\"padding-bottom:7rem\">\n<div class=\"wp-block-group is-layout-flow wp-block-group-is-layout-flow\">\n<div class=\"wp-block-cover has-custom-content-position is-position-bottom-left\" style=\"min-height:90vh;aspect-ratio:unset;\"><img decoding=\"async\" width=\"2000\" height=\"1333\" class=\"wp-block-cover__image-background wp-image-3184 size-full\" alt=\"Belves Perigord dordogne village\" src=\"https:\/\/campingledaguet.com\/wp-content\/uploads\/2026\/01\/Belves-Perigord-dordogne-village.jpeg\" data-object-fit=\"cover\" srcset=\"https:\/\/campingledaguet.com\/wp-content\/uploads\/2026\/01\/Belves-Perigord-dordogne-village.jpeg 2000w, https:\/\/campingledaguet.com\/wp-content\/uploads\/2026\/01\/Belves-Perigord-dordogne-village-300x200.jpeg 300w, https:\/\/campingledaguet.com\/wp-content\/uploads\/2026\/01\/Belves-Perigord-dordogne-village-1024x682.jpeg 1024w, https:\/\/campingledaguet.com\/wp-content\/uploads\/2026\/01\/Belves-Perigord-dordogne-village-768x512.jpeg 768w, https:\/\/campingledaguet.com\/wp-content\/uploads\/2026\/01\/Belves-Perigord-dordogne-village-1536x1024.jpeg 1536w\" sizes=\"(max-width: 2000px) 100vw, 2000px\" \/><span aria-hidden=\"true\" class=\"wp-block-cover__background has-contrast-background-color has-background-dim-20 has-background-dim\"><\/span><div class=\"wp-block-cover__inner-container is-layout-flow wp-block-cover-is-layout-flow\">\n<p class=\"has-text-align-center has-large-font-size\"><\/p>\n<\/div><\/div>\n<\/div>\n\n\n\n<div class=\"wp-block-group is-layout-flow wp-block-group-is-layout-flow\" style=\"padding-top:3rem\">\n<h2 class=\"wp-block-heading has-text-align-center\">Belv\u00e8s: de middeleeuwse stad met de zeven klokkentorens<\/h2>\n\n\n\n<div class=\"wp-block-columns are-vertically-aligned-top content is-layout-flex wp-container-core-columns-is-layout-6a5a5078 wp-block-columns-is-layout-flex\" style=\"padding-right:15rem;padding-left:15rem\">\n<div class=\"wp-block-column is-vertically-aligned-top first is-layout-flow wp-block-column-is-layout-flow\">\n<p class=\"has-text-align-center\"><strong>Belv\u00e8s<\/strong> is een<strong>versterkte<\/strong> <strong>middeleeuwse stad <\/strong><strong>die dateert uit de XI<\/strong><strong><sup>e<\/sup><\/strong><strong>eeuw<\/strong> versterkte middeleeuwse stad, gelegen op een rotspunt en geklasseerd als een van de <strong>&#8220;Mooiste Dorpen van Frankrijk&#8221;.<\/strong> <a href=\"https:\/\/www.dordogne-perigord-tourisme.fr\/sinspirer\/une-destination-aux-multiples-facettes\/villes-villages-caractere\/plus-beaux-villages-de-france\/belves\/?utm_source=chatgpt.com\"><\/a>Bijnaam de &#8220;stad van de zeven klokkentorens&#8221;, is het niet gespaard gebleven van invasies en oorlogen, maar heeft op wonderbaarlijke wijze enkele prachtige sporen van haar <strong>gebouwde erfgoed<\/strong> behouden.<\/p>\n\n\n\n<p><a href=\"https:\/\/www.dordogne-perigord-tourisme.fr\/sinspirer\/une-destination-aux-multiples-facettes\/villes-villages-caractere\/plus-beaux-villages-de-france\/belves\/\" target=\"_blank\" rel=\"noreferrer noopener nofollow\">Belv\u00e8s<\/a> kijkt uit over de Nauze vallei en biedt een <strong>tijdloze sfeer<\/strong> door de geplaveide straatjes en stenen huizen. Laat je tijdens je bezoek meeslepen door de authentieke sfeer van de overdekte <strong>markt<\/strong>, wandel tussen de <strong>overblijfselen van de troglodieten<\/strong> of beklim de oude torens langs de <strong>stadsmuren<\/strong>. Belv\u00e8s verkennen betekent de geschiedenis van dit XI\u1d49 eeuwse bolwerk in je opnemen, terwijl je geniet van een <strong>uitzonderlijk panorama<\/strong> van de <a href=\"https:\/\/campingledaguet.com\/nl\/toerisme-perigord-noir\/\" data-type=\"page\" data-id=\"2525\">P\u00e9rigord Noir<\/a>.  <\/p>\n\n\n\n<p class=\"has-text-align-center\">Aarzel niet om langs te komen!<\/p>\n<\/div>\n<\/div>\n<\/div>\n<\/section>\n\n<section class=\"wp-block-group home-fifth page-four is-layout-flow wp-block-group-is-layout-flow\" style=\"margin-top:0px\">\n<div class=\"wp-block-cover is-light\" style=\"padding-top:5rem;padding-right:4.69rem;padding-bottom:5rem;padding-left:4.69rem\"><img decoding=\"async\" width=\"1024\" height=\"788\" class=\"wp-block-cover__image-background wp-image-539 size-large\" alt=\"camping-chenes-verts-nature\" src=\"https:\/\/campingledaguet.com\/wp-content\/uploads\/2025\/06\/camping-chenes-verts-nature-1024x788.png\" style=\"object-position:50% 15%\" data-object-fit=\"cover\" data-object-position=\"50% 15%\" srcset=\"https:\/\/campingledaguet.com\/wp-content\/uploads\/2025\/06\/camping-chenes-verts-nature-1024x788.png 1024w, https:\/\/campingledaguet.com\/wp-content\/uploads\/2025\/06\/camping-chenes-verts-nature-300x231.png 300w, https:\/\/campingledaguet.com\/wp-content\/uploads\/2025\/06\/camping-chenes-verts-nature-768x591.png 768w, https:\/\/campingledaguet.com\/wp-content\/uploads\/2025\/06\/camping-chenes-verts-nature-1536x1182.png 1536w, https:\/\/campingledaguet.com\/wp-content\/uploads\/2025\/06\/camping-chenes-verts-nature.png 1911w\" sizes=\"(max-width: 1024px) 100vw, 1024px\" \/><span aria-hidden=\"true\" class=\"wp-block-cover__background has-custom-blanc-background-color has-background-dim-60 has-background-dim\"><\/span><div class=\"wp-block-cover__inner-container has-global-padding is-layout-constrained wp-container-core-cover-is-layout-40a5f537 wp-block-cover-is-layout-constrained\">\n<div class=\"wp-block-columns alignfull gt-reverse-mobile is-layout-flex wp-container-core-columns-is-layout-4b949cdb wp-block-columns-is-layout-flex\">\n<div class=\"wp-block-column first is-layout-flow wp-block-column-is-layout-flow\">\n<figure class=\"wp-block-image size-full rotate-l\"><img decoding=\"async\" width=\"2000\" height=\"1277\" src=\"https:\/\/campingledaguet.com\/wp-content\/uploads\/2026\/02\/camping-le-daguet-le-perigord-sarlat-1.jpg\" alt=\"camping-le-daguet-le-perigord-sarlat\" class=\"wp-image-3530\" style=\"box-shadow:var(--wp--preset--shadow--natural)\" srcset=\"https:\/\/campingledaguet.com\/wp-content\/uploads\/2026\/02\/camping-le-daguet-le-perigord-sarlat-1.jpg 2000w, https:\/\/campingledaguet.com\/wp-content\/uploads\/2026\/02\/camping-le-daguet-le-perigord-sarlat-1-300x192.jpg 300w, https:\/\/campingledaguet.com\/wp-content\/uploads\/2026\/02\/camping-le-daguet-le-perigord-sarlat-1-1024x654.jpg 1024w, https:\/\/campingledaguet.com\/wp-content\/uploads\/2026\/02\/camping-le-daguet-le-perigord-sarlat-1-768x490.jpg 768w, https:\/\/campingledaguet.com\/wp-content\/uploads\/2026\/02\/camping-le-daguet-le-perigord-sarlat-1-1536x981.jpg 1536w\" sizes=\"(max-width: 2000px) 100vw, 2000px\" \/><\/figure>\n\n\n\n<div class=\"wp-block-group is-layout-flow wp-block-group-is-layout-flow\" style=\"border-left-color:var(--wp--preset--color--custom-vert);border-left-width:1px;margin-top:3rem;padding-left:var(--wp--preset--spacing--10)\">\n<p>Zet je sightseeingtour voort met een bezoek aan <strong>Sarlat-la-Can\u00e9da<\/strong>, <strong>hoofdstad van de P\u00e9rigord Noir<\/strong>, een <strong>middeleeuwse P\u00e9rigord-stad <\/strong>bij uitstek en een ware <strong>architectonische schatkamer<\/strong>. Sarlat is officieel geklasseerd als <strong>&#8220;stad van kunst en geschiedenis&#8221;<\/strong> en is de populairste toeristische trekpleister van de Dordogne. Het is bovendien<strong>een van de best bewaarde middeleeuwse steden van Europa<\/strong>. <\/p>\n\n\n\n<p>De architectuur, middeleeuwse straatjes, vakwerkhuizen, gaasdaken en het rijke erfgoed maken van Sarlat een <strong>must-see<\/strong>.  <\/p>\n\n\n    <div id=\"gt-fse-lire-plus-69e084d3e5b9c\" class=\"gt-fse-lire-plus\" data-min-height=\"130\" style=\"background-color: #ffffff00;\">\n        <input id=\"gt-fse-lire-plus-69e084d3e5b9c-toggle\" type=\"checkbox\" class=\"gt-fse-lire-plus__toggle\" \/>\n        <label for=\"gt-fse-lire-plus-69e084d3e5b9c-toggle\" class=\"gt-fse-lire-plus__toggle-label\">\n            <span>Lire plus<\/span>\n            <span>Lire moins<\/span>\n        <\/label>\n        <div class=\"gt-fse-lire-plus__content\" style=\"height: 130px;\">\n            \n\n<p>Om Sarlat-la-Can\u00e9da te ontdekken, slenter je door de gouden straatjes en over de Place de la Libert\u00e9, bewonder je de<a href=\"https:\/\/www.sarlat-tourisme.com\/je-decouvre-sarlat-et-le-perigord\/leglise-sainte-marie\/\" target=\"_blank\" rel=\"noreferrer noopener nofollow\">oude Sainte-Marie kerk en de overdekte markt die ontworpen is door Jean Nouvel<\/a>&#8230; Tegelijkertijd is deze stad een centrum van<strong>evenementen<\/strong>, <strong>gastronomische markten<\/strong> en <strong>gastronomische ontdekkingen<\/strong> die typisch zijn voor de P\u00e9rigord Noir. De lokale producten proeven is hier een ervaring op zich.   <\/p>\n\n\n\n<p>Om Sarlat-la-Can\u00e9da in de best mogelijke omstandigheden te verkennen, <strong>kies je voor de ochtend<\/strong>: zacht licht op de stenen, levendige markt, lokale sfeer. Neem aan het eind van de dag de <strong>panoramische lift <\/strong>naar boven voor een uitzicht van 360\u00b0 en laat de stad in goud gehuld. Het is mogelijk om Belv\u00e8s en Sarlat-la-Can\u00e9da op dezelfde dag te verkennen, maar het is ideaal om twee aparte momenten te reserveren om ten volle van hun verschillende sferen te genieten.  <\/p>\n\n\n\n<p>Of je nu op zoek bent naar erfgoed, rust of gastronomie, een bezoek aan Belv\u00e8s en Sarlat-la-Can\u00e9da vanaf onze camping in de P\u00e9rigord garandeert je een <strong>rijke en gevarieerde vakantie<\/strong>. Ontdek deze twee emblematische plaatsen en kom daarna terug om nieuwe energie op te doen in een uitzonderlijke natuurlijke omgeving en optimaal te genieten van uw accommodatie. <\/p>\n\n            <div class=\"gt-fse-lire-plus__gradient\" style=\"background: linear-gradient(to bottom,rgba(255,255,255,0) 0%,rgba(255,255,255,1) 100%);\"><\/div>\n        <\/div>\n    <\/div>\n    <\/div>\n<\/div>\n\n\n\n<div class=\"wp-block-column second is-layout-flow wp-block-column-is-layout-flow\">\n<h2 class=\"wp-block-heading has-custom-vert-color has-text-color has-link-color wp-elements-0e68de51d66c3d835235d389b08e54b3\">Sarlat: een hoofdstad met een uitzonderlijk erfgoed<\/h2>\n\n\n\n<figure class=\"wp-block-image size-full rotate-r\"><img decoding=\"async\" width=\"2000\" height=\"1335\" src=\"https:\/\/campingledaguet.com\/wp-content\/uploads\/2026\/01\/marche-de-sarlat-dordogne.jpeg\" alt=\"sarlat dordogne markt\" class=\"wp-image-3185\" style=\"box-shadow:var(--wp--preset--shadow--natural)\" srcset=\"https:\/\/campingledaguet.com\/wp-content\/uploads\/2026\/01\/marche-de-sarlat-dordogne.jpeg 2000w, https:\/\/campingledaguet.com\/wp-content\/uploads\/2026\/01\/marche-de-sarlat-dordogne-300x200.jpeg 300w, https:\/\/campingledaguet.com\/wp-content\/uploads\/2026\/01\/marche-de-sarlat-dordogne-1024x684.jpeg 1024w, https:\/\/campingledaguet.com\/wp-content\/uploads\/2026\/01\/marche-de-sarlat-dordogne-768x513.jpeg 768w, https:\/\/campingledaguet.com\/wp-content\/uploads\/2026\/01\/marche-de-sarlat-dordogne-1536x1025.jpeg 1536w\" sizes=\"(max-width: 2000px) 100vw, 2000px\" \/><\/figure>\n<\/div>\n<\/div>\n<\/div><\/div>\n<\/section>\n\n<section class=\"wp-block-group page-seven is-layout-flow wp-block-group-is-layout-flow\" style=\"padding-top:4rem;padding-bottom:10rem\">\n<div class=\"wp-block-columns are-vertically-aligned-center is-layout-flex wp-container-core-columns-is-layout-28f84493 wp-block-columns-is-layout-flex\">\n<div class=\"wp-block-column is-vertically-aligned-center is-layout-flow wp-block-column-is-layout-flow\" style=\"flex-basis:40%\"><\/div>\n\n\n\n<div class=\"wp-block-column is-vertically-aligned-center is-layout-flow wp-block-column-is-layout-flow\" style=\"flex-basis:60%\">\n<div class=\"wp-block-group titre-decoratif has-custom-orange-color has-text-color has-link-color wp-elements-e16c019d4d770fc50d51271ab8ad5d04 is-vertical is-content-justification-left is-nowrap is-layout-flex wp-container-core-group-is-layout-332c27bf wp-block-group-is-layout-flex\" style=\"border-left-color:var(--wp--preset--color--custom-vert-clair);border-left-width:1px;padding-right:0;padding-left:var(--wp--preset--spacing--10);font-size:clamp(2.16rem, 2.16rem + ((1vw - 0.2rem) * 2.917), 3.91rem);line-height:1\">\n<div class=\"wp-block-group is-layout-flow wp-block-group-is-layout-flow\" style=\"border-left-color:var(--wp--preset--color--custom-two);border-left-width:1px;padding-top:2rem;padding-left:var(--wp--preset--spacing--10)\">\n<p class=\"has-text-align-left has-custom-three-color has-text-color has-link-color has-alkia-font-family wp-elements-888ecddd994d955d9aabadd645ab7d4d\" style=\"text-transform:uppercase\">Ontdek<br \/><em>meer<\/em><\/p>\n<\/div>\n<\/div>\n<\/div>\n<\/div>\n\n\n\n<div data-wp-context=\"{}\" data-wp-interactive=\"core\/query\" data-wp-key=\"0\" data-wp-router-region=\"query-0\" class=\"wp-block-query alignwide gt-fse-maillage-query has-global-padding is-layout-constrained wp-container-core-query-is-layout-1e86373d wp-block-query-is-layout-constrained\"><ul class=\"columns-3 wp-block-post-template is-layout-grid wp-container-core-post-template-is-layout-6d3fbd8f wp-block-post-template-is-layout-grid\"><li data-wp-key=\"post-template-item-3922\" class=\"wp-block-post post-3922 page type-page status-publish has-post-thumbnail hentry\">\n\n<figure class=\"wp-block-image size-full\"><img decoding=\"async\" src=\"https:\/\/campingledaguet.com\/wp-content\/uploads\/2026\/01\/La-roque-gageac-perigord-noir-dordogne.jpeg\" alt=\"P\u00e9rigord noir vallei van de dordogne\" class=\"wp-image-1030\" style=\"box-shadow:var(--wp--preset--shadow--natural);aspect-ratio:1;object-fit:cover\" \/><\/figure>\n\n\n\n<div class=\"wp-block-group maillage__title has-base-2-color has-text-color has-link-color has-montserrat-font-family wp-elements-74f77f72b5fd301c59e005b83f0238f2 is-content-justification-space-between is-nowrap is-layout-flex wp-container-core-group-is-layout-c52eadd5 wp-block-group-is-layout-flex\" style=\"margin-top:-8rem;padding-right:2rem;padding-bottom:2rem;padding-left:2rem;font-size:clamp(0.912rem, 0.912rem + ((1vw - 0.2rem) * 0.763), 1.37rem);font-style:normal;font-weight:700;line-height:1;text-transform:uppercase\">\n<p>Zwarte P\u00e9rigord<\/p>\n<\/div>\n\n\n<a style=\"border-radius:10px;\" class=\"is-style-lien-cover wp-block-read-more\" href=\"https:\/\/campingledaguet.com\/nl\/toerisme-perigord-noir\/\" target=\"_self\">Lees verder<span class=\"screen-reader-text\">: Zwarte P\u00e9rigord<\/span><\/a>\n<\/li><li data-wp-key=\"post-template-item-3852\" class=\"wp-block-post post-3852 page type-page status-publish has-post-thumbnail hentry\">\n\n<figure class=\"wp-block-image size-full\"><img decoding=\"async\" src=\"https:\/\/campingledaguet.com\/wp-content\/uploads\/2026\/02\/camping-le-daguet-beynac-et-cazenac.jpg\" alt=\"camping-le-daguet-beynac-et-cazenac\" class=\"wp-image-1030\" style=\"box-shadow:var(--wp--preset--shadow--natural);aspect-ratio:1;object-fit:cover\" \/><\/figure>\n\n\n\n<div class=\"wp-block-group maillage__title has-base-2-color has-text-color has-link-color has-montserrat-font-family wp-elements-74f77f72b5fd301c59e005b83f0238f2 is-content-justification-space-between is-nowrap is-layout-flex wp-container-core-group-is-layout-c52eadd5 wp-block-group-is-layout-flex\" style=\"margin-top:-8rem;padding-right:2rem;padding-bottom:2rem;padding-left:2rem;font-size:clamp(0.912rem, 0.912rem + ((1vw - 0.2rem) * 0.763), 1.37rem);font-style:normal;font-weight:700;line-height:1;text-transform:uppercase\">\n<p>Beynac-et-Cazenac<\/p>\n<\/div>\n\n\n<a style=\"border-radius:10px;\" class=\"is-style-lien-cover wp-block-read-more\" href=\"https:\/\/campingledaguet.com\/nl\/toerisme-beynac-en-cazenac\/\" target=\"_self\">Lees verder<span class=\"screen-reader-text\">: Beynac- et-Cazenac<\/span><\/a>\n<\/li><li data-wp-key=\"post-template-item-4044\" class=\"wp-block-post post-4044 page type-page status-publish has-post-thumbnail hentry\">\n\n<figure class=\"wp-block-image size-full\"><img decoding=\"async\" src=\"https:\/\/campingledaguet.com\/wp-content\/uploads\/2026\/02\/accueil-reception-le-daguet.jpg\" alt=\"receptie daguet\" class=\"wp-image-1030\" style=\"box-shadow:var(--wp--preset--shadow--natural);aspect-ratio:1;object-fit:cover\" \/><\/figure>\n\n\n\n<div class=\"wp-block-group maillage__title has-base-2-color has-text-color has-link-color has-montserrat-font-family wp-elements-74f77f72b5fd301c59e005b83f0238f2 is-content-justification-space-between is-nowrap is-layout-flex wp-container-core-group-is-layout-c52eadd5 wp-block-group-is-layout-flex\" style=\"margin-top:-8rem;padding-right:2rem;padding-bottom:2rem;padding-left:2rem;font-size:clamp(0.912rem, 0.912rem + ((1vw - 0.2rem) * 0.763), 1.37rem);font-style:normal;font-weight:700;line-height:1;text-transform:uppercase\">\n<p>Diensten<\/p>\n<\/div>\n\n\n<a style=\"border-radius:10px;\" class=\"is-style-lien-cover wp-block-read-more\" href=\"https:\/\/campingledaguet.com\/nl\/familie-camping-saint-laurent-la-vallee\/\" target=\"_self\">Lees verder<span class=\"screen-reader-text\">: Diensten<\/span><\/a>\n<\/li><\/ul><\/div>\n<\/section>\n","protected":false},"excerpt":{"rendered":"<p>Belv\u00e8s en Sarlat: twee must-sees in de P\u00e9rigord Noir Als je op onze camping in de buurt van La Roque-Gageac verblijft, bevindt je je op een ideale locatie voor een bezoek aan Belv\u00e8s en Sarlat-la-Can\u00e9da, twee juweeltjes van de P\u00e9rigord Noir, waar je je helemaal kunt onderdompelen in de geschiedenis, de natuur en de gastronomie [&hellip;]<\/p>\n","protected":false},"author":1,"featured_media":3865,"parent":0,"menu_order":0,"comment_status":"closed","ping_status":"closed","template":"","meta":{"_seopress_robots_primary_cat":"","_seopress_titles_title":"Toerisme Belv\u00e8s en Sarlat: niet te missen rondleidingen door de P\u00e9rigord Noir","_seopress_titles_desc":"Ontdek Belv\u00e8s, een middeleeuwse stad, en Sarlat, de parel van de P\u00e9rigord, voor een vakantie rijk aan geschiedenis en gastronomie. Boek nu uw vakantie! ","_seopress_robots_index":"","_gt_ctv_global_id":"","_gt_ctv_id_group":false,"inline_featured_image":false,"gt_fse_maillage_image":"https:\/\/campingledaguet.com\/wp-content\/uploads\/2026\/01\/sarlat-la-caneda-dordogne.jpeg","gt_fse_maillage_titre":"Belv\u00e8s & Sarlat","gt_fse_maillage_alt":"Sarlat  ","gt_fse_maillage_resume":"","footnotes":""},"categories":[],"tags":[],"class_list":["post-3863","page","type-page","status-publish","has-post-thumbnail","hentry"],"_links":{"self":[{"href":"https:\/\/campingledaguet.com\/nl\/wp-json\/wp\/v2\/pages\/3863","targetHints":{"allow":["GET"]}}],"collection":[{"href":"https:\/\/campingledaguet.com\/nl\/wp-json\/wp\/v2\/pages"}],"about":[{"href":"https:\/\/campingledaguet.com\/nl\/wp-json\/wp\/v2\/types\/page"}],"author":[{"embeddable":true,"href":"https:\/\/campingledaguet.com\/nl\/wp-json\/wp\/v2\/users\/1"}],"replies":[{"embeddable":true,"href":"https:\/\/campingledaguet.com\/nl\/wp-json\/wp\/v2\/comments?post=3863"}],"version-history":[{"count":8,"href":"https:\/\/campingledaguet.com\/nl\/wp-json\/wp\/v2\/pages\/3863\/revisions"}],"predecessor-version":[{"id":4405,"href":"https:\/\/campingledaguet.com\/nl\/wp-json\/wp\/v2\/pages\/3863\/revisions\/4405"}],"wp:featuredmedia":[{"embeddable":true,"href":"https:\/\/campingledaguet.com\/nl\/wp-json\/wp\/v2\/media\/3865"}],"wp:attachment":[{"href":"https:\/\/campingledaguet.com\/nl\/wp-json\/wp\/v2\/media?parent=3863"}],"wp:term":[{"taxonomy":"category","embeddable":true,"href":"https:\/\/campingledaguet.com\/nl\/wp-json\/wp\/v2\/categories?post=3863"},{"taxonomy":"post_tag","embeddable":true,"href":"https:\/\/campingledaguet.com\/nl\/wp-json\/wp\/v2\/tags?post=3863"}],"curies":[{"name":"wp","href":"https:\/\/api.w.org\/{rel}","templated":true}]}}