{"id":3976,"date":"2025-12-23T11:50:18","date_gmt":"2025-12-23T10:50:18","guid":{"rendered":"https:\/\/campingledaguet.com\/tourisme-belves-sarlat\/"},"modified":"2026-02-17T12:04:05","modified_gmt":"2026-02-17T11:04:05","slug":"tourism-belves-sarlat","status":"publish","type":"page","link":"https:\/\/campingledaguet.com\/en\/tourism-belves-sarlat\/","title":{"rendered":"Belv\u00e8s &amp; Sarlat"},"content":{"rendered":"\n<section class=\"wp-block-group home-seventh-bis is-layout-flow wp-block-group-is-layout-flow\" style=\"padding-right:var(--wp--preset--spacing--50);padding-left:var(--wp--preset--spacing--50)\">\n<div class=\"wp-block-columns are-vertically-aligned-center is-layout-flex wp-container-core-columns-is-layout-649c0f26 wp-block-columns-is-layout-flex\" style=\"padding-top:var(--wp--preset--spacing--40);padding-bottom:var(--wp--preset--spacing--40)\">\n<div class=\"wp-block-column is-vertically-aligned-center is-layout-flow wp-block-column-is-layout-flow\">\n<div class=\"wp-block-group titre-decoratif has-custom-orange-color has-text-color has-link-color wp-elements-08b51fa66a987e77b8b5a38bdf138c6a is-vertical is-content-justification-left is-nowrap is-layout-flex wp-container-core-group-is-layout-332c27bf wp-block-group-is-layout-flex\" style=\"border-left-color:var(--wp--preset--color--custom-vert-clair);border-left-width:1px;padding-right:0;padding-left:var(--wp--preset--spacing--10);font-size:clamp(1.701rem, 1.701rem + ((1vw - 0.2rem) * 2.015), 2.91rem);line-height:1\">\n<h1 class=\"wp-block-heading has-text-align-left has-custom-three-color has-text-color has-link-color wp-elements-dbda43ee1dfed1ba1df3213ea73de216\">Belv\u00e8s and Sarlat: two must-sees in P\u00e9rigord Noir<\/h1>\n<\/div>\n\n\n\n<div class=\"wp-block-group texte is-layout-flow wp-block-group-is-layout-flow\" style=\"padding-left:var(--wp--preset--spacing--20)\">\n<p>When you stay at our <a href=\"https:\/\/campingledaguet.com\/en\/\" data-type=\"page\" data-id=\"33\">campsite near La Roque-Gageac<\/a>, you&#8217;ll be <strong>ideally placed for visiting Belv\u00e8s and Sarlat-la-Can\u00e9da<\/strong>, two jewels of the P\u00e9rigord Noir, offering a total immersion in P\u00e9rigord history, nature and gastronomy.<br\/><\/p>\n<\/div>\n<\/div>\n\n\n\n<div class=\"wp-block-column is-vertically-aligned-center is-layout-flow wp-block-column-is-layout-flow\">\n<figure class=\"wp-block-image size-large rotate-l\"><img decoding=\"async\" width=\"1024\" height=\"684\" src=\"https:\/\/campingledaguet.com\/wp-content\/uploads\/2026\/01\/sarlat-belves-perigord-dordogne-1024x684.jpeg\" alt=\"sarlat belves perigord dordogne\" class=\"wp-image-3182\" style=\"box-shadow:var(--wp--preset--shadow--natural)\" srcset=\"https:\/\/campingledaguet.com\/wp-content\/uploads\/2026\/01\/sarlat-belves-perigord-dordogne-1024x684.jpeg 1024w, https:\/\/campingledaguet.com\/wp-content\/uploads\/2026\/01\/sarlat-belves-perigord-dordogne-300x200.jpeg 300w, https:\/\/campingledaguet.com\/wp-content\/uploads\/2026\/01\/sarlat-belves-perigord-dordogne-768x513.jpeg 768w, https:\/\/campingledaguet.com\/wp-content\/uploads\/2026\/01\/sarlat-belves-perigord-dordogne-1536x1025.jpeg 1536w, https:\/\/campingledaguet.com\/wp-content\/uploads\/2026\/01\/sarlat-belves-perigord-dordogne.jpeg 2000w\" sizes=\"(max-width: 1024px) 100vw, 1024px\" \/><\/figure>\n<\/div>\n<\/div>\n<\/section>\n\n<section class=\"wp-block-group alignfull home-third page-two is-layout-flow wp-block-group-is-layout-flow\" style=\"padding-bottom:7rem\">\n<div class=\"wp-block-group is-layout-flow wp-block-group-is-layout-flow\">\n<div class=\"wp-block-cover has-custom-content-position is-position-bottom-left\" style=\"min-height:90vh;aspect-ratio:unset;\"><img decoding=\"async\" width=\"2000\" height=\"1333\" class=\"wp-block-cover__image-background wp-image-3184 size-full\" alt=\"Belves Perigord dordogne village\" src=\"https:\/\/campingledaguet.com\/wp-content\/uploads\/2026\/01\/Belves-Perigord-dordogne-village.jpeg\" data-object-fit=\"cover\" srcset=\"https:\/\/campingledaguet.com\/wp-content\/uploads\/2026\/01\/Belves-Perigord-dordogne-village.jpeg 2000w, https:\/\/campingledaguet.com\/wp-content\/uploads\/2026\/01\/Belves-Perigord-dordogne-village-300x200.jpeg 300w, https:\/\/campingledaguet.com\/wp-content\/uploads\/2026\/01\/Belves-Perigord-dordogne-village-1024x682.jpeg 1024w, https:\/\/campingledaguet.com\/wp-content\/uploads\/2026\/01\/Belves-Perigord-dordogne-village-768x512.jpeg 768w, https:\/\/campingledaguet.com\/wp-content\/uploads\/2026\/01\/Belves-Perigord-dordogne-village-1536x1024.jpeg 1536w\" sizes=\"(max-width: 2000px) 100vw, 2000px\" \/><span aria-hidden=\"true\" class=\"wp-block-cover__background has-contrast-background-color has-background-dim-20 has-background-dim\"><\/span><div class=\"wp-block-cover__inner-container is-layout-flow wp-block-cover-is-layout-flow\">\n<p class=\"has-text-align-center has-large-font-size\"><\/p>\n<\/div><\/div>\n<\/div>\n\n\n\n<div class=\"wp-block-group is-layout-flow wp-block-group-is-layout-flow\" style=\"padding-top:3rem\">\n<h2 class=\"wp-block-heading has-text-align-center\">Belv\u00e8s: the medieval city of seven steeples<\/h2>\n\n\n\n<div class=\"wp-block-columns are-vertically-aligned-top content is-layout-flex wp-container-core-columns-is-layout-6a5a5078 wp-block-columns-is-layout-flex\" style=\"padding-right:15rem;padding-left:15rem\">\n<div class=\"wp-block-column is-vertically-aligned-top first is-layout-flow wp-block-column-is-layout-flow\">\n<p class=\"has-text-align-center\"><strong>Belv\u00e8s<\/strong> is a<strong>fortified<\/strong> <strong>medieval town <\/strong><strong>dating back to the XI<\/strong><strong><sup>e<\/sup><\/strong><strong>century<\/strong> fortified town, perched on a rocky outcrop and listed as one of <strong>France&#8217;s &#8220;Most Beautiful Villages&#8221;.<\/strong> <a href=\"https:\/\/www.dordogne-perigord-tourisme.fr\/sinspirer\/une-destination-aux-multiples-facettes\/villes-villages-caractere\/plus-beaux-villages-de-france\/belves\/?utm_source=chatgpt.com\"><\/a>Nicknamed the &#8220;city of seven steeples&#8221;, it has not been spared invasions and wars, but has miraculously preserved magnificent traces of its <strong>built heritage<\/strong>.<\/p>\n\n\n\n<p><a href=\"https:\/\/www.dordogne-perigord-tourisme.fr\/sinspirer\/une-destination-aux-multiples-facettes\/villes-villages-caractere\/plus-beaux-villages-de-france\/belves\/\" target=\"_blank\" rel=\"noreferrer noopener nofollow\">Belv\u00e8s<\/a> dominates the Nauze valley and offers a <strong>timeless atmosphere<\/strong> through its cobbled streets and stone houses. During your visit, let yourself be carried away by the authentic atmosphere of the <strong>market<\/strong> under the covered market, stroll among the <strong>troglodytic remains<\/strong> or climb the ancient towers that line the <strong>ramparts<\/strong>. To explore Belv\u00e8s is to immerse yourself in the history of this XI\u1d49 century stronghold, while enjoying an <strong>exceptional panorama<\/strong> of the <a href=\"https:\/\/campingledaguet.com\/en\/tourism-in-perigord-noir\/\" data-type=\"page\" data-id=\"2525\">P\u00e9rigord Noir<\/a>.  <\/p>\n\n\n\n<p class=\"has-text-align-center\">A must-see!<\/p>\n<\/div>\n<\/div>\n<\/div>\n<\/section>\n\n<section class=\"wp-block-group home-fifth page-four is-layout-flow wp-block-group-is-layout-flow\" style=\"margin-top:0px\">\n<div class=\"wp-block-cover is-light\" style=\"padding-top:5rem;padding-right:4.69rem;padding-bottom:5rem;padding-left:4.69rem\"><img decoding=\"async\" width=\"1024\" height=\"788\" class=\"wp-block-cover__image-background wp-image-539 size-large\" alt=\"camping-chenes-verts-nature\" src=\"https:\/\/campingledaguet.com\/wp-content\/uploads\/2025\/06\/camping-chenes-verts-nature-1024x788.png\" style=\"object-position:50% 15%\" data-object-fit=\"cover\" data-object-position=\"50% 15%\" srcset=\"https:\/\/campingledaguet.com\/wp-content\/uploads\/2025\/06\/camping-chenes-verts-nature-1024x788.png 1024w, https:\/\/campingledaguet.com\/wp-content\/uploads\/2025\/06\/camping-chenes-verts-nature-300x231.png 300w, https:\/\/campingledaguet.com\/wp-content\/uploads\/2025\/06\/camping-chenes-verts-nature-768x591.png 768w, https:\/\/campingledaguet.com\/wp-content\/uploads\/2025\/06\/camping-chenes-verts-nature-1536x1182.png 1536w, https:\/\/campingledaguet.com\/wp-content\/uploads\/2025\/06\/camping-chenes-verts-nature.png 1911w\" sizes=\"(max-width: 1024px) 100vw, 1024px\" \/><span aria-hidden=\"true\" class=\"wp-block-cover__background has-custom-blanc-background-color has-background-dim-60 has-background-dim\"><\/span><div class=\"wp-block-cover__inner-container has-global-padding is-layout-constrained wp-container-core-cover-is-layout-40a5f537 wp-block-cover-is-layout-constrained\">\n<div class=\"wp-block-columns alignfull gt-reverse-mobile is-layout-flex wp-container-core-columns-is-layout-4b949cdb wp-block-columns-is-layout-flex\">\n<div class=\"wp-block-column first is-layout-flow wp-block-column-is-layout-flow\">\n<figure class=\"wp-block-image size-full rotate-l\"><img decoding=\"async\" width=\"2000\" height=\"1277\" src=\"https:\/\/campingledaguet.com\/wp-content\/uploads\/2026\/02\/camping-le-daguet-le-perigord-sarlat-1.jpg\" alt=\"camping-le-daguet-le-perigord-sarlat\" class=\"wp-image-3530\" style=\"box-shadow:var(--wp--preset--shadow--natural)\" srcset=\"https:\/\/campingledaguet.com\/wp-content\/uploads\/2026\/02\/camping-le-daguet-le-perigord-sarlat-1.jpg 2000w, https:\/\/campingledaguet.com\/wp-content\/uploads\/2026\/02\/camping-le-daguet-le-perigord-sarlat-1-300x192.jpg 300w, https:\/\/campingledaguet.com\/wp-content\/uploads\/2026\/02\/camping-le-daguet-le-perigord-sarlat-1-1024x654.jpg 1024w, https:\/\/campingledaguet.com\/wp-content\/uploads\/2026\/02\/camping-le-daguet-le-perigord-sarlat-1-768x490.jpg 768w, https:\/\/campingledaguet.com\/wp-content\/uploads\/2026\/02\/camping-le-daguet-le-perigord-sarlat-1-1536x981.jpg 1536w\" sizes=\"(max-width: 2000px) 100vw, 2000px\" \/><\/figure>\n\n\n\n<div class=\"wp-block-group is-layout-flow wp-block-group-is-layout-flow\" style=\"border-left-color:var(--wp--preset--color--custom-vert);border-left-width:1px;margin-top:3rem;padding-left:var(--wp--preset--spacing--10)\">\n<p>Continue your sightseeing tour with a visit to <strong>Sarlat-la-Can\u00e9da<\/strong>, <strong>capital of the P\u00e9rigord Noir<\/strong>, a <strong>medieval <\/strong>P\u00e9rigord <strong>city <\/strong>par excellence and a veritable <strong>architectural treasure trove<\/strong>. Sarlat is officially listed as a <strong>&#8220;ville d&#8217;art et d&#8217;histoire&#8221; (city of art and history)<\/strong>, making it the most visited tourist site in the Dordogne and<strong>one of the best-preserved medieval ensembles in Europe<\/strong>. <\/p>\n\n\n\n<p>Sarlat&#8217;s architecture, medieval streets, half-timbered houses, lauze roofs and rich heritage make it a <strong>must-see<\/strong>.  <\/p>\n\n\n    <div id=\"gt-fse-lire-plus-69e08d91349b4\" class=\"gt-fse-lire-plus\" data-min-height=\"130\" style=\"background-color: #ffffff00;\">\n        <input id=\"gt-fse-lire-plus-69e08d91349b4-toggle\" type=\"checkbox\" class=\"gt-fse-lire-plus__toggle\" \/>\n        <label for=\"gt-fse-lire-plus-69e08d91349b4-toggle\" class=\"gt-fse-lire-plus__toggle-label\">\n            <span>Lire plus<\/span>\n            <span>Lire moins<\/span>\n        <\/label>\n        <div class=\"gt-fse-lire-plus__content\" style=\"height: 130px;\">\n            \n\n<p>To discover Sarlat-la-Can\u00e9da, stroll through its golden lanes and Place de la Libert\u00e9, admire the<a href=\"https:\/\/www.sarlat-tourisme.com\/je-decouvre-sarlat-et-le-perigord\/leglise-sainte-marie\/\" target=\"_blank\" rel=\"noreferrer noopener nofollow\">ancient church of Sainte-Marie and its Jean Nouvel-designed covered market<\/a>&#8230; At the same time, this town is a crossroads for<strong>events<\/strong>, <strong>gourmet markets<\/strong> and <strong>gastronomic discoveries<\/strong> typical of the P\u00e9rigord Noir region. Tasting local produce here becomes a moment in itself.   <\/p>\n\n\n\n<p>To explore Sarlat-la-Can\u00e9da in the best conditions, <strong>choose the morning<\/strong>: soft light on the stone, lively market, local atmosphere. At the end of the day, take the <strong>panoramic elevator <\/strong>up for a 360\u00b0 view and let the town be draped in gold. It&#8217;s possible to explore Belv\u00e8s and Sarlat-la-Can\u00e9da on the same day, but it&#8217;s ideal to devote two separate times to fully savor their different atmospheres.  <\/p>\n\n\n\n<p>Whether you&#8217;re looking for heritage, peace and quiet or gastronomy, visiting Belv\u00e8s and Sarlat-la-Can\u00e9da from our campsite in the P\u00e9rigord guarantees a <strong>rich and varied stay<\/strong>. Explore these two emblematic places, then come back to recharge your batteries in an exceptional natural setting and make the most of your accommodation. <\/p>\n\n            <div class=\"gt-fse-lire-plus__gradient\" style=\"background: linear-gradient(to bottom,rgba(255,255,255,0) 0%,rgba(255,255,255,1) 100%);\"><\/div>\n        <\/div>\n    <\/div>\n    <\/div>\n<\/div>\n\n\n\n<div class=\"wp-block-column second is-layout-flow wp-block-column-is-layout-flow\">\n<h2 class=\"wp-block-heading has-custom-vert-color has-text-color has-link-color wp-elements-ad75496a4009a6e1175b84e3d59382fa\">Sarlat: a capital with an exceptional heritage<\/h2>\n\n\n\n<figure class=\"wp-block-image size-full rotate-r\"><img decoding=\"async\" width=\"2000\" height=\"1335\" src=\"https:\/\/campingledaguet.com\/wp-content\/uploads\/2026\/01\/marche-de-sarlat-dordogne.jpeg\" alt=\"sarlat dordogne market\" class=\"wp-image-3185\" style=\"box-shadow:var(--wp--preset--shadow--natural)\" srcset=\"https:\/\/campingledaguet.com\/wp-content\/uploads\/2026\/01\/marche-de-sarlat-dordogne.jpeg 2000w, https:\/\/campingledaguet.com\/wp-content\/uploads\/2026\/01\/marche-de-sarlat-dordogne-300x200.jpeg 300w, https:\/\/campingledaguet.com\/wp-content\/uploads\/2026\/01\/marche-de-sarlat-dordogne-1024x684.jpeg 1024w, https:\/\/campingledaguet.com\/wp-content\/uploads\/2026\/01\/marche-de-sarlat-dordogne-768x513.jpeg 768w, https:\/\/campingledaguet.com\/wp-content\/uploads\/2026\/01\/marche-de-sarlat-dordogne-1536x1025.jpeg 1536w\" sizes=\"(max-width: 2000px) 100vw, 2000px\" \/><\/figure>\n<\/div>\n<\/div>\n<\/div><\/div>\n<\/section>\n\n<section class=\"wp-block-group page-seven is-layout-flow wp-block-group-is-layout-flow\" style=\"padding-top:4rem;padding-bottom:10rem\">\n<div class=\"wp-block-columns are-vertically-aligned-center is-layout-flex wp-container-core-columns-is-layout-28f84493 wp-block-columns-is-layout-flex\">\n<div class=\"wp-block-column is-vertically-aligned-center is-layout-flow wp-block-column-is-layout-flow\" style=\"flex-basis:40%\"><\/div>\n\n\n\n<div class=\"wp-block-column is-vertically-aligned-center is-layout-flow wp-block-column-is-layout-flow\" style=\"flex-basis:60%\">\n<div class=\"wp-block-group titre-decoratif has-custom-orange-color has-text-color has-link-color wp-elements-e5c899ad13638e5fd663835c670872a9 is-vertical is-content-justification-left is-nowrap is-layout-flex wp-container-core-group-is-layout-332c27bf wp-block-group-is-layout-flex\" style=\"border-left-color:var(--wp--preset--color--custom-vert-clair);border-left-width:1px;padding-right:0;padding-left:var(--wp--preset--spacing--10);font-size:clamp(2.16rem, 2.16rem + ((1vw - 0.2rem) * 2.917), 3.91rem);line-height:1\">\n<div class=\"wp-block-group is-layout-flow wp-block-group-is-layout-flow\" style=\"border-left-color:var(--wp--preset--color--custom-two);border-left-width:1px;padding-top:2rem;padding-left:var(--wp--preset--spacing--10)\">\n<p class=\"has-text-align-left has-custom-three-color has-text-color has-link-color has-alkia-font-family wp-elements-aedb65d0449707e3afd78e0766effd18\" style=\"text-transform:uppercase\">Discover<br\/><em>more<\/em><\/p>\n<\/div>\n<\/div>\n<\/div>\n<\/div>\n\n\n\n<div data-wp-context=\"{}\" data-wp-interactive=\"core\/query\" data-wp-key=\"0\" data-wp-router-region=\"query-0\" class=\"wp-block-query alignwide gt-fse-maillage-query has-global-padding is-layout-constrained wp-container-core-query-is-layout-1e86373d wp-block-query-is-layout-constrained\"><ul class=\"columns-3 wp-block-post-template is-layout-grid wp-container-core-post-template-is-layout-6d3fbd8f wp-block-post-template-is-layout-grid\"><li data-wp-key=\"post-template-item-3910\" class=\"wp-block-post post-3910 page type-page status-publish has-post-thumbnail hentry\">\n\n<figure class=\"wp-block-image size-full\"><img decoding=\"async\" src=\"https:\/\/campingledaguet.com\/wp-content\/uploads\/2026\/01\/La-roque-gageac-perigord-noir-dordogne.jpeg\" alt=\"P\u00e9rigord noir dordogne valley\" class=\"wp-image-1030\" style=\"box-shadow:var(--wp--preset--shadow--natural);aspect-ratio:1;object-fit:cover\"\/><\/figure>\n\n\n\n<div class=\"wp-block-group maillage__title has-base-2-color has-text-color has-link-color has-montserrat-font-family wp-elements-74f77f72b5fd301c59e005b83f0238f2 is-content-justification-space-between is-nowrap is-layout-flex wp-container-core-group-is-layout-c52eadd5 wp-block-group-is-layout-flex\" style=\"margin-top:-8rem;padding-right:2rem;padding-bottom:2rem;padding-left:2rem;font-size:clamp(0.912rem, 0.912rem + ((1vw - 0.2rem) * 0.763), 1.37rem);font-style:normal;font-weight:700;line-height:1;text-transform:uppercase\">\n<p>Black P\u00e9rigord<\/p>\n<\/div>\n\n\n<a style=\"border-radius:10px;\" class=\"is-style-lien-cover wp-block-read-more\" href=\"https:\/\/campingledaguet.com\/en\/tourism-in-perigord-noir\/\" target=\"_self\">Read more<span class=\"screen-reader-text\">: Black P\u00e9rigord<\/span><\/a>\n<\/li><li data-wp-key=\"post-template-item-3843\" class=\"wp-block-post post-3843 page type-page status-publish has-post-thumbnail hentry\">\n\n<figure class=\"wp-block-image size-full\"><img decoding=\"async\" src=\"https:\/\/campingledaguet.com\/wp-content\/uploads\/2026\/02\/camping-le-daguet-beynac-et-cazenac.jpg\" alt=\"camping-le-daguet-beynac-et-cazenac\" class=\"wp-image-1030\" style=\"box-shadow:var(--wp--preset--shadow--natural);aspect-ratio:1;object-fit:cover\"\/><\/figure>\n\n\n\n<div class=\"wp-block-group maillage__title has-base-2-color has-text-color has-link-color has-montserrat-font-family wp-elements-74f77f72b5fd301c59e005b83f0238f2 is-content-justification-space-between is-nowrap is-layout-flex wp-container-core-group-is-layout-c52eadd5 wp-block-group-is-layout-flex\" style=\"margin-top:-8rem;padding-right:2rem;padding-bottom:2rem;padding-left:2rem;font-size:clamp(0.912rem, 0.912rem + ((1vw - 0.2rem) * 0.763), 1.37rem);font-style:normal;font-weight:700;line-height:1;text-transform:uppercase\">\n<p>Beynac-et-Cazenac<\/p>\n<\/div>\n\n\n<a style=\"border-radius:10px;\" class=\"is-style-lien-cover wp-block-read-more\" href=\"https:\/\/campingledaguet.com\/en\/tourism-beynac-et-cazenac\/\" target=\"_self\">Read more<span class=\"screen-reader-text\">: Beynac- et-Cazenac<\/span><\/a>\n<\/li><li data-wp-key=\"post-template-item-4040\" class=\"wp-block-post post-4040 page type-page status-publish has-post-thumbnail hentry\">\n\n<figure class=\"wp-block-image size-full\"><img decoding=\"async\" src=\"https:\/\/campingledaguet.com\/wp-content\/uploads\/2026\/02\/accueil-reception-le-daguet.jpg\" alt=\"reception le daguet\" class=\"wp-image-1030\" style=\"box-shadow:var(--wp--preset--shadow--natural);aspect-ratio:1;object-fit:cover\"\/><\/figure>\n\n\n\n<div class=\"wp-block-group maillage__title has-base-2-color has-text-color has-link-color has-montserrat-font-family wp-elements-74f77f72b5fd301c59e005b83f0238f2 is-content-justification-space-between is-nowrap is-layout-flex wp-container-core-group-is-layout-c52eadd5 wp-block-group-is-layout-flex\" style=\"margin-top:-8rem;padding-right:2rem;padding-bottom:2rem;padding-left:2rem;font-size:clamp(0.912rem, 0.912rem + ((1vw - 0.2rem) * 0.763), 1.37rem);font-style:normal;font-weight:700;line-height:1;text-transform:uppercase\">\n<p>Services<\/p>\n<\/div>\n\n\n<a style=\"border-radius:10px;\" class=\"is-style-lien-cover wp-block-read-more\" href=\"https:\/\/campingledaguet.com\/en\/family-campsite-saint-laurent-la-vallee\/\" target=\"_self\">Read more<span class=\"screen-reader-text\">: Services<\/span><\/a>\n<\/li><\/ul><\/div>\n<\/section>\n","protected":false},"excerpt":{"rendered":"<p>Belv\u00e8s and Sarlat: two must-sees in P\u00e9rigord Noir When you stay at our campsite near La Roque-Gageac, you&#8217;ll be ideally placed for visiting Belv\u00e8s and Sarlat-la-Can\u00e9da, two jewels of the P\u00e9rigord Noir, offering a total immersion in P\u00e9rigord history, nature and gastronomy. Belv\u00e8s: the medieval city of seven steeples Belv\u00e8s is afortified medieval town dating [&hellip;]<\/p>\n","protected":false},"author":1,"featured_media":3978,"parent":0,"menu_order":0,"comment_status":"closed","ping_status":"closed","template":"","meta":{"_seopress_robots_primary_cat":"","_seopress_titles_title":"Tourism Belv\u00e8s and Sarlat: must-see tours P\u00e9rigord noir","_seopress_titles_desc":"Explore the medieval town of Belv\u00e8s and Sarlat, the jewel of the P\u00e9rigord, for a holiday rich in history and gastronomy. Book your getaway now! ","_seopress_robots_index":"","_gt_ctv_global_id":"","_gt_ctv_id_group":false,"inline_featured_image":false,"gt_fse_maillage_image":"https:\/\/campingledaguet.com\/wp-content\/uploads\/2026\/01\/sarlat-la-caneda-dordogne.jpeg","gt_fse_maillage_titre":"Belv\u00e8s & Sarlat","gt_fse_maillage_alt":"Sarlat  ","gt_fse_maillage_resume":"","footnotes":""},"categories":[],"tags":[],"class_list":["post-3976","page","type-page","status-publish","has-post-thumbnail","hentry"],"_links":{"self":[{"href":"https:\/\/campingledaguet.com\/en\/wp-json\/wp\/v2\/pages\/3976","targetHints":{"allow":["GET"]}}],"collection":[{"href":"https:\/\/campingledaguet.com\/en\/wp-json\/wp\/v2\/pages"}],"about":[{"href":"https:\/\/campingledaguet.com\/en\/wp-json\/wp\/v2\/types\/page"}],"author":[{"embeddable":true,"href":"https:\/\/campingledaguet.com\/en\/wp-json\/wp\/v2\/users\/1"}],"replies":[{"embeddable":true,"href":"https:\/\/campingledaguet.com\/en\/wp-json\/wp\/v2\/comments?post=3976"}],"version-history":[{"count":8,"href":"https:\/\/campingledaguet.com\/en\/wp-json\/wp\/v2\/pages\/3976\/revisions"}],"predecessor-version":[{"id":4299,"href":"https:\/\/campingledaguet.com\/en\/wp-json\/wp\/v2\/pages\/3976\/revisions\/4299"}],"wp:featuredmedia":[{"embeddable":true,"href":"https:\/\/campingledaguet.com\/en\/wp-json\/wp\/v2\/media\/3978"}],"wp:attachment":[{"href":"https:\/\/campingledaguet.com\/en\/wp-json\/wp\/v2\/media?parent=3976"}],"wp:term":[{"taxonomy":"category","embeddable":true,"href":"https:\/\/campingledaguet.com\/en\/wp-json\/wp\/v2\/categories?post=3976"},{"taxonomy":"post_tag","embeddable":true,"href":"https:\/\/campingledaguet.com\/en\/wp-json\/wp\/v2\/tags?post=3976"}],"curies":[{"name":"wp","href":"https:\/\/api.w.org\/{rel}","templated":true}]}}