{"id":3910,"date":"2025-12-23T11:46:39","date_gmt":"2025-12-23T10:46:39","guid":{"rendered":"https:\/\/campingledaguet.com\/tourisme-perigord-noir\/"},"modified":"2026-02-17T15:06:51","modified_gmt":"2026-02-17T14:06:51","slug":"tourism-in-perigord-noir","status":"publish","type":"page","link":"https:\/\/campingledaguet.com\/en\/tourism-in-perigord-noir\/","title":{"rendered":"Black P\u00e9rigord"},"content":{"rendered":"\n<section class=\"wp-block-group home-seventh-bis is-layout-flow wp-block-group-is-layout-flow\" style=\"padding-right:var(--wp--preset--spacing--50);padding-left:var(--wp--preset--spacing--50)\">\n<div class=\"wp-block-columns is-layout-flex wp-container-core-columns-is-layout-649c0f26 wp-block-columns-is-layout-flex\" style=\"padding-top:var(--wp--preset--spacing--40);padding-bottom:var(--wp--preset--spacing--40)\">\n<div class=\"wp-block-column is-vertically-aligned-center is-layout-flow wp-block-column-is-layout-flow\">\n<div class=\"wp-block-group titre-decoratif has-custom-orange-color has-text-color has-link-color wp-elements-eb9cdf77f867f81dd599e2a8fc24fab2 is-vertical is-content-justification-left is-nowrap is-layout-flex wp-container-core-group-is-layout-332c27bf wp-block-group-is-layout-flex\" style=\"border-left-color:var(--wp--preset--color--custom-vert-clair);border-left-width:1px;padding-right:0;padding-left:var(--wp--preset--spacing--10);font-size:clamp(1.701rem, 1.701rem + ((1vw - 0.2rem) * 2.015), 2.91rem);line-height:1\">\n<h1 class=\"wp-block-heading has-text-align-left has-custom-three-color has-text-color has-link-color wp-elements-d75fb99e1fa624253b33bf036495e885\">Discover the wonders of the P\u00e9rigord Noir<\/h1>\n<\/div>\n\n\n\n<div class=\"wp-block-group texte is-layout-flow wp-block-group-is-layout-flow\" style=\"padding-left:var(--wp--preset--spacing--20)\">\n<p>Welcome to our green oasis, a <a href=\"https:\/\/campingledaguet.com\/en\/\" data-type=\"page\" data-id=\"33\">campsite near La Roque-Gageac<\/a>, in the heart of P\u00e9rigord, a region rich in <strong>history<\/strong> and <strong>nature<\/strong>. Here, every walk becomes an invitation to explore the <strong>unique heritage of the P\u00e9rigord Noir<\/strong>: valleys sculpted by time and rivers, authentic hilltop villages and thousand-year-old caves. Whether you&#8217;re a lover of nature, heritage or relaxation, you&#8217;ve come to the right place to visit the P\u00e9rigord Noir in all its splendour.  <\/p>\n<\/div>\n<\/div>\n\n\n\n<div class=\"wp-block-column is-vertically-aligned-center is-layout-flow wp-block-column-is-layout-flow\">\n<figure class=\"wp-block-image size-large rotate-l\"><img decoding=\"async\" width=\"1024\" height=\"575\" src=\"https:\/\/campingledaguet.com\/wp-content\/uploads\/2026\/01\/Roque-Gageac-Perigord-Noir-1024x575.jpeg\" alt=\"Roque Gageac P&#xE9;rigord Noir\" class=\"wp-image-3152\" style=\"box-shadow:var(--wp--preset--shadow--natural)\" srcset=\"https:\/\/campingledaguet.com\/wp-content\/uploads\/2026\/01\/Roque-Gageac-Perigord-Noir-1024x575.jpeg 1024w, https:\/\/campingledaguet.com\/wp-content\/uploads\/2026\/01\/Roque-Gageac-Perigord-Noir-300x168.jpeg 300w, https:\/\/campingledaguet.com\/wp-content\/uploads\/2026\/01\/Roque-Gageac-Perigord-Noir-768x431.jpeg 768w, https:\/\/campingledaguet.com\/wp-content\/uploads\/2026\/01\/Roque-Gageac-Perigord-Noir-1536x862.jpeg 1536w, https:\/\/campingledaguet.com\/wp-content\/uploads\/2026\/01\/Roque-Gageac-Perigord-Noir.jpeg 2000w\" sizes=\"(max-width: 1024px) 100vw, 1024px\" \/><\/figure>\n<\/div>\n<\/div>\n<\/section>\n\n<section class=\"wp-block-group alignfull home-third page-two is-layout-flow wp-block-group-is-layout-flow\" style=\"padding-bottom:0rem\">\n<div class=\"wp-block-group is-layout-flow wp-block-group-is-layout-flow\">\n<div class=\"wp-block-cover has-parallax has-custom-content-position is-position-bottom-left\" style=\"min-height:90vh;aspect-ratio:unset;\"><div role=\"img\" aria-label=\"camping-le-daguet-les-visites\" class=\"wp-block-cover__image-background wp-image-2442 size-full has-parallax\" style=\"background-position:50% 50%;background-image:url(https:\/\/campingledaguet.com\/wp-content\/uploads\/2025\/12\/camping-le-daguet-les-visites.jpg)\"><\/div><span aria-hidden=\"true\" class=\"wp-block-cover__background has-contrast-background-color has-background-dim-20 has-background-dim\"><\/span><div class=\"wp-block-cover__inner-container is-layout-flow wp-block-cover-is-layout-flow\">\n<p class=\"has-text-align-center has-large-font-size\"><\/p>\n<\/div><\/div>\n<\/div>\n\n\n\n<div class=\"wp-block-group is-layout-flow wp-block-group-is-layout-flow\" style=\"padding-top:3rem\">\n<h2 class=\"wp-block-heading has-text-align-center\">V\u00e9z\u00e8re Valley: caves, chasms and an exceptional prehistoric heritage<\/h2>\n\n\n\n<div class=\"wp-block-columns are-vertically-aligned-top content is-layout-flex wp-container-core-columns-is-layout-6a5a5078 wp-block-columns-is-layout-flex\" style=\"padding-right:15rem;padding-left:15rem\">\n<div class=\"wp-block-column is-vertically-aligned-top first is-layout-flow wp-block-column-is-layout-flow\">\n<p class=\"has-text-align-center\">In the famous <strong>V\u00e9z\u00e8re valley<\/strong>, nicknamed &#8220;the valley of man&#8221;, you can explore sites that trace the dawn of humanity. Classified as a &#8220;Grand Site de France&#8221;, this valley is home to millennia-old ornate <strong>caves<\/strong> and gigantic <strong>troglodytic shelters<\/strong>. The <a href=\"https:\/\/lascaux.fr\/\" data-type=\"link\" data-id=\"https:\/\/lascaux.fr\/\" target=\"_blank\" rel=\"noreferrer noopener nofollow\">Grotte de Lascaux<\/a> and the shelters of La Madeleine are among these majestic witnesses.<a href=\"https:\/\/fr.wikipedia.org\/wiki\/Vall%C3%A9e_de_la_V%C3%A9z%C3%A8re?utm_source=chatgpt.com\"><\/a>In Les Eyzies, museums and troglodytic sites reveal millennia of human occupation.    <\/p>\n\n\n\n<p class=\"has-text-align-center\">As you stroll along the riverside paths or at the foot of the cliffs, you&#8217;ll experience an enriching getaway in perfect harmony with nature.<\/p>\n<\/div>\n<\/div>\n<\/div>\n<\/section>\n\n<section class=\"wp-block-group home-seventh is-layout-flow wp-block-group-is-layout-flow\" style=\"padding-right:var(--wp--preset--spacing--50);padding-left:var(--wp--preset--spacing--50)\">\n<div class=\"wp-block-columns is-layout-flex wp-container-core-columns-is-layout-8cbeb9c6 wp-block-columns-is-layout-flex\" style=\"margin-top:0;margin-bottom:0;padding-top:var(--wp--preset--spacing--50);padding-bottom:var(--wp--preset--spacing--50)\">\n<div class=\"wp-block-column is-layout-flow wp-block-column-is-layout-flow\">\n<figure class=\"wp-block-image size-full rotate-r\"><img decoding=\"async\" width=\"2000\" height=\"1125\" src=\"https:\/\/campingledaguet.com\/wp-content\/uploads\/2026\/02\/camping-le-daguet-beynac-et-cazenac.jpg\" alt=\"camping-le-daguet-beynac-et-cazenac\" class=\"wp-image-3534\" style=\"box-shadow:var(--wp--preset--shadow--natural)\" srcset=\"https:\/\/campingledaguet.com\/wp-content\/uploads\/2026\/02\/camping-le-daguet-beynac-et-cazenac.jpg 2000w, https:\/\/campingledaguet.com\/wp-content\/uploads\/2026\/02\/camping-le-daguet-beynac-et-cazenac-300x169.jpg 300w, https:\/\/campingledaguet.com\/wp-content\/uploads\/2026\/02\/camping-le-daguet-beynac-et-cazenac-1024x576.jpg 1024w, https:\/\/campingledaguet.com\/wp-content\/uploads\/2026\/02\/camping-le-daguet-beynac-et-cazenac-768x432.jpg 768w, https:\/\/campingledaguet.com\/wp-content\/uploads\/2026\/02\/camping-le-daguet-beynac-et-cazenac-1536x864.jpg 1536w\" sizes=\"(max-width: 2000px) 100vw, 2000px\" \/><\/figure>\n<\/div>\n\n\n\n<div class=\"wp-block-column is-layout-flow wp-block-column-is-layout-flow\">\n<div class=\"wp-block-group titre-decoratif has-custom-orange-color has-text-color has-link-color wp-elements-4de2538194b99d9a685aa00cdf29a9b0 is-vertical is-content-justification-left is-nowrap is-layout-flex wp-container-core-group-is-layout-332c27bf wp-block-group-is-layout-flex\" style=\"border-left-color:var(--wp--preset--color--custom-vert-clair);border-left-width:1px;padding-right:0;padding-left:var(--wp--preset--spacing--10);font-size:clamp(1.701rem, 1.701rem + ((1vw - 0.2rem) * 2.015), 2.91rem);line-height:1\">\n<h2 class=\"wp-block-heading has-text-align-left\">Dordogne Valley: castles and France&#8217;s most beautiful villages to explore<\/h2>\n<\/div>\n\n\n\n<div class=\"wp-block-group texte is-layout-flow wp-block-group-is-layout-flow\" style=\"padding-bottom:0;padding-left:var(--wp--preset--spacing--20)\">\n<p>For lovers of <strong>history<\/strong> and <strong>architecture<\/strong>, the Dordogne valley is an extraordinary playground. Along the Dordogne, fortified silhouettes dominate the meandering river: <strong>ch\u00e2teaux, bastides and panoramic views<\/strong> create a grandiose backdrop. <\/p>\n\n\n\n<p>You can visit medieval towns such as <strong>La Roque-Gageac<\/strong>, <a href=\"https:\/\/campingledaguet.com\/en\/tourism-beynac-et-cazenac\/\" data-type=\"page\" data-id=\"2553\">Beynac-et-Cazenac<\/a>, <strong>Domme<\/strong> or <strong>Castelnaud-la-Chapelle<\/strong>, the Ch\u00e2teau de Beynac and the <a href=\"https:\/\/www.marqueyssac.com\/\" target=\"_blank\" rel=\"noreferrer noopener nofollow\">hanging gardens of Marqueyssac<\/a>, all listed as treasures of the P\u00e9rigord Noir. Steep cliffs, lauze roofs and traditional houses make every detour an enchantment. <\/p>\n\n\n\n<p>Exploring this landscape also means taking the time to savor the gentle Perigordian way of life, between river, forest and heritage. You&#8217;ll pass from viewpoints to medieval streets, between gourmet stops and farmers&#8217; markets. An unforgettable day, which you&#8217;ll enjoy even more if you stay at a campsite near La Roque-Gageac.  <\/p>\n<\/div>\n<\/div>\n<\/div>\n<\/section>\n\n<section class=\"wp-block-group home-sixth page-five has-custom-one-background-color has-background is-layout-flow wp-block-group-is-layout-flow\" style=\"margin-top:0px;padding-top:4rem;padding-right:8rem;padding-left:8rem\">\n<div class=\"wp-block-group slider__content animated fadeInUp delay-100ms slow is-content-justification-center is-nowrap is-layout-flex wp-container-core-group-is-layout-23441af8 wp-block-group-is-layout-flex\">\n<figure class=\"wp-block-image size-full\"><img decoding=\"async\" width=\"2000\" height=\"1277\" src=\"https:\/\/campingledaguet.com\/wp-content\/uploads\/2026\/02\/camping-le-daguet-le-perigord-sarlat-1.jpg\" alt=\"camping-le-daguet-le-perigord-sarlat\" class=\"wp-image-3530\" style=\"aspect-ratio:16\/9;object-fit:cover\" srcset=\"https:\/\/campingledaguet.com\/wp-content\/uploads\/2026\/02\/camping-le-daguet-le-perigord-sarlat-1.jpg 2000w, https:\/\/campingledaguet.com\/wp-content\/uploads\/2026\/02\/camping-le-daguet-le-perigord-sarlat-1-300x192.jpg 300w, https:\/\/campingledaguet.com\/wp-content\/uploads\/2026\/02\/camping-le-daguet-le-perigord-sarlat-1-1024x654.jpg 1024w, https:\/\/campingledaguet.com\/wp-content\/uploads\/2026\/02\/camping-le-daguet-le-perigord-sarlat-1-768x490.jpg 768w, https:\/\/campingledaguet.com\/wp-content\/uploads\/2026\/02\/camping-le-daguet-le-perigord-sarlat-1-1536x981.jpg 1536w\" sizes=\"(max-width: 2000px) 100vw, 2000px\" \/><\/figure>\n<\/div>\n\n\n\n<div class=\"wp-block-group alignfull groupe__second has-custom-vert-background-color has-background is-layout-flow wp-block-group-is-layout-flow\" style=\"border-radius:15px;margin-top:-17rem;padding-top:20rem;padding-right:7rem;padding-bottom:8rem;padding-left:7rem\">\n<h2 class=\"wp-block-heading has-text-align-center has-base-2-color has-text-color has-link-color wp-elements-a024299ea4d0f5cbee7139730a98ca9f\">Visit Sarlat-la-Can\u00e9da, the pearl of P\u00e9rigord Noir<\/h2>\n\n\n\n<p class=\"has-text-align-center has-base-2-color has-text-color has-link-color wp-elements-3ab57676589d755cab68df755e18d34f\">It&#8217;s impossible to talk about <a href=\"https:\/\/campingledaguet.com\/en\/tourism-dordogne-perigord\/\" data-type=\"page\" data-id=\"2531\">tourism in the Dordogne-P\u00e9rigord region<\/a> without mentioning <a href=\"https:\/\/campingledaguet.com\/en\/tourism-belves-sarlat\/\" data-type=\"page\" data-id=\"2537\">Sarlat-la-Can\u00e9da<\/a>, a medieval masterpiece and a sublime city of art and history. Strolling through its <strong>cobbled streets<\/strong>, admiring its <strong>half-timbered houses<\/strong>, taking part in its <strong>typical markets<\/strong>, strolling along the Place de la Libert\u00e9 and taking the <a href=\"https:\/\/www.sarlat-tourisme.com\/je-decouvre-sarlat-et-le-perigord\/visites-guidees-et-services-de-guidage\/nos-visites-insolites\/prenez-de-la-hauteur-avec-lascenseur-panoramique-de-sarlat\/\" target=\"_blank\" rel=\"noreferrer noopener nofollow\">panoramic elevator up to the ancient church of Sainte-Marie<\/a>&#8230; it&#8217;s a total immersion in <strong>the heart of the past<\/strong>. Every street corner tells a story, every square a lively terrace. Depending on the season, plan a visit early in the morning to enjoy the soft light and still-quiet streets. After your discovery, return to the campsite to relax: the green setting and views over the valley prolong the magic of a day spent discovering the P\u00e9rigord Noir.    <br\/><\/p>\n<\/div>\n<\/section>\n\n<section class=\"wp-block-group page-seven is-layout-flow wp-block-group-is-layout-flow\" style=\"padding-top:4rem;padding-bottom:10rem\">\n<div class=\"wp-block-columns are-vertically-aligned-center is-layout-flex wp-container-core-columns-is-layout-28f84493 wp-block-columns-is-layout-flex\">\n<div class=\"wp-block-column is-vertically-aligned-center is-layout-flow wp-block-column-is-layout-flow\" style=\"flex-basis:40%\"><\/div>\n\n\n\n<div class=\"wp-block-column is-vertically-aligned-center is-layout-flow wp-block-column-is-layout-flow\" style=\"flex-basis:60%\">\n<div class=\"wp-block-group titre-decoratif has-custom-orange-color has-text-color has-link-color wp-elements-e5c899ad13638e5fd663835c670872a9 is-vertical is-content-justification-left is-nowrap is-layout-flex wp-container-core-group-is-layout-332c27bf wp-block-group-is-layout-flex\" style=\"border-left-color:var(--wp--preset--color--custom-vert-clair);border-left-width:1px;padding-right:0;padding-left:var(--wp--preset--spacing--10);font-size:clamp(2.16rem, 2.16rem + ((1vw - 0.2rem) * 2.917), 3.91rem);line-height:1\">\n<div class=\"wp-block-group is-layout-flow wp-block-group-is-layout-flow\" style=\"border-left-color:var(--wp--preset--color--custom-two);border-left-width:1px;padding-top:2rem;padding-left:var(--wp--preset--spacing--10)\">\n<p class=\"has-text-align-left has-custom-three-color has-text-color has-link-color has-alkia-font-family wp-elements-aedb65d0449707e3afd78e0766effd18\" style=\"text-transform:uppercase\">Discover<br\/><em>more<\/em><\/p>\n<\/div>\n<\/div>\n<\/div>\n<\/div>\n\n\n\n<div data-wp-context=\"{}\" data-wp-interactive=\"core\/query\" data-wp-key=\"0\" data-wp-router-region=\"query-0\" class=\"wp-block-query alignwide gt-fse-maillage-query has-global-padding is-layout-constrained wp-container-core-query-is-layout-1e86373d wp-block-query-is-layout-constrained\"><ul class=\"columns-3 wp-block-post-template is-layout-grid wp-container-core-post-template-is-layout-6d3fbd8f wp-block-post-template-is-layout-grid\"><li data-wp-key=\"post-template-item-3873\" class=\"wp-block-post post-3873 page type-page status-publish has-post-thumbnail hentry\">\n\n<figure class=\"wp-block-image size-full\"><img decoding=\"async\" src=\"https:\/\/campingledaguet.com\/wp-content\/uploads\/2026\/01\/paysage-Dordogne-perigord-1.jpeg\" alt=\"landscape Dordogne p\u00e9rigord\" class=\"wp-image-1030\" style=\"box-shadow:var(--wp--preset--shadow--natural);aspect-ratio:1;object-fit:cover\"\/><\/figure>\n\n\n\n<div class=\"wp-block-group maillage__title has-base-2-color has-text-color has-link-color has-montserrat-font-family wp-elements-74f77f72b5fd301c59e005b83f0238f2 is-content-justification-space-between is-nowrap is-layout-flex wp-container-core-group-is-layout-c52eadd5 wp-block-group-is-layout-flex\" style=\"margin-top:-8rem;padding-right:2rem;padding-bottom:2rem;padding-left:2rem;font-size:clamp(0.912rem, 0.912rem + ((1vw - 0.2rem) * 0.763), 1.37rem);font-style:normal;font-weight:700;line-height:1;text-transform:uppercase\">\n<p>What to see<\/p>\n<\/div>\n\n\n<a style=\"border-radius:10px;\" class=\"is-style-lien-cover wp-block-read-more\" href=\"https:\/\/campingledaguet.com\/en\/tourism-dordogne-perigord\/\" target=\"_self\">Read more<span class=\"screen-reader-text\">: What to see<\/span><\/a>\n<\/li><li data-wp-key=\"post-template-item-4040\" class=\"wp-block-post post-4040 page type-page status-publish has-post-thumbnail hentry\">\n\n<figure class=\"wp-block-image size-full\"><img decoding=\"async\" src=\"https:\/\/campingledaguet.com\/wp-content\/uploads\/2026\/02\/accueil-reception-le-daguet.jpg\" alt=\"reception le daguet\" class=\"wp-image-1030\" style=\"box-shadow:var(--wp--preset--shadow--natural);aspect-ratio:1;object-fit:cover\"\/><\/figure>\n\n\n\n<div class=\"wp-block-group maillage__title has-base-2-color has-text-color has-link-color has-montserrat-font-family wp-elements-74f77f72b5fd301c59e005b83f0238f2 is-content-justification-space-between is-nowrap is-layout-flex wp-container-core-group-is-layout-c52eadd5 wp-block-group-is-layout-flex\" style=\"margin-top:-8rem;padding-right:2rem;padding-bottom:2rem;padding-left:2rem;font-size:clamp(0.912rem, 0.912rem + ((1vw - 0.2rem) * 0.763), 1.37rem);font-style:normal;font-weight:700;line-height:1;text-transform:uppercase\">\n<p>Services<\/p>\n<\/div>\n\n\n<a style=\"border-radius:10px;\" class=\"is-style-lien-cover wp-block-read-more\" href=\"https:\/\/campingledaguet.com\/en\/family-campsite-saint-laurent-la-vallee\/\" target=\"_self\">Read more<span class=\"screen-reader-text\">: Services<\/span><\/a>\n<\/li><li data-wp-key=\"post-template-item-3880\" class=\"wp-block-post post-3880 page type-page status-publish has-post-thumbnail hentry\">\n\n<figure class=\"wp-block-image size-full\"><img decoding=\"async\" src=\"https:\/\/campingledaguet.com\/wp-content\/uploads\/2026\/01\/kayaking-dordogne-activites-e1769778528784.jpeg\" alt=\"kayaking dordogne activities\" class=\"wp-image-1030\" style=\"box-shadow:var(--wp--preset--shadow--natural);aspect-ratio:1;object-fit:cover\"\/><\/figure>\n\n\n\n<div class=\"wp-block-group maillage__title has-base-2-color has-text-color has-link-color has-montserrat-font-family wp-elements-74f77f72b5fd301c59e005b83f0238f2 is-content-justification-space-between is-nowrap is-layout-flex wp-container-core-group-is-layout-c52eadd5 wp-block-group-is-layout-flex\" style=\"margin-top:-8rem;padding-right:2rem;padding-bottom:2rem;padding-left:2rem;font-size:clamp(0.912rem, 0.912rem + ((1vw - 0.2rem) * 0.763), 1.37rem);font-style:normal;font-weight:700;line-height:1;text-transform:uppercase\">\n<p>To do<\/p>\n<\/div>\n\n\n<a style=\"border-radius:10px;\" class=\"is-style-lien-cover wp-block-read-more\" href=\"https:\/\/campingledaguet.com\/en\/activities-to-do-in-the-dordogne-perigord\/\" target=\"_self\">Read more<span class=\"screen-reader-text\">: To do<\/span><\/a>\n<\/li><\/ul><\/div>\n<\/section>\n","protected":false},"excerpt":{"rendered":"<p>Discover the wonders of the P\u00e9rigord Noir Welcome to our green oasis, a campsite near La Roque-Gageac, in the heart of P\u00e9rigord, a region rich in history and nature. Here, every walk becomes an invitation to explore the unique heritage of the P\u00e9rigord Noir: valleys sculpted by time and rivers, authentic hilltop villages and thousand-year-old [&hellip;]<\/p>\n","protected":false},"author":1,"featured_media":3911,"parent":0,"menu_order":0,"comment_status":"closed","ping_status":"closed","template":"","meta":{"_seopress_robots_primary_cat":"","_seopress_titles_title":"Black P\u00e9rigord tourism: V\u00e9z\u00e8re valley, Dordogne valley, Sarlat","_seopress_titles_desc":"Discover the P\u00e9rigord Noir near La Roque-Gageac, between valleys, castles and prehistoric caves. Stay in a unique green setting. ","_seopress_robots_index":"","_gt_ctv_global_id":"","_gt_ctv_id_group":false,"inline_featured_image":false,"gt_fse_maillage_image":"https:\/\/campingledaguet.com\/wp-content\/uploads\/2026\/01\/La-roque-gageac-perigord-noir-dordogne.jpeg","gt_fse_maillage_titre":"Black P\u00e9rigord","gt_fse_maillage_alt":"P\u00e9rigord noir dordogne valley","gt_fse_maillage_resume":"","footnotes":""},"categories":[],"tags":[],"class_list":["post-3910","page","type-page","status-publish","has-post-thumbnail","hentry"],"_links":{"self":[{"href":"https:\/\/campingledaguet.com\/en\/wp-json\/wp\/v2\/pages\/3910","targetHints":{"allow":["GET"]}}],"collection":[{"href":"https:\/\/campingledaguet.com\/en\/wp-json\/wp\/v2\/pages"}],"about":[{"href":"https:\/\/campingledaguet.com\/en\/wp-json\/wp\/v2\/types\/page"}],"author":[{"embeddable":true,"href":"https:\/\/campingledaguet.com\/en\/wp-json\/wp\/v2\/users\/1"}],"replies":[{"embeddable":true,"href":"https:\/\/campingledaguet.com\/en\/wp-json\/wp\/v2\/comments?post=3910"}],"version-history":[{"count":31,"href":"https:\/\/campingledaguet.com\/en\/wp-json\/wp\/v2\/pages\/3910\/revisions"}],"predecessor-version":[{"id":4464,"href":"https:\/\/campingledaguet.com\/en\/wp-json\/wp\/v2\/pages\/3910\/revisions\/4464"}],"wp:featuredmedia":[{"embeddable":true,"href":"https:\/\/campingledaguet.com\/en\/wp-json\/wp\/v2\/media\/3911"}],"wp:attachment":[{"href":"https:\/\/campingledaguet.com\/en\/wp-json\/wp\/v2\/media?parent=3910"}],"wp:term":[{"taxonomy":"category","embeddable":true,"href":"https:\/\/campingledaguet.com\/en\/wp-json\/wp\/v2\/categories?post=3910"},{"taxonomy":"post_tag","embeddable":true,"href":"https:\/\/campingledaguet.com\/en\/wp-json\/wp\/v2\/tags?post=3910"}],"curies":[{"name":"wp","href":"https:\/\/api.w.org\/{rel}","templated":true}]}}